{"id":100,"date":"2012-05-11T18:57:19","date_gmt":"2012-05-11T22:57:19","guid":{"rendered":"http:\/\/public.mediasimple.ca\/remax_papachristou\/?page_id=100"},"modified":"2025-03-21T15:33:12","modified_gmt":"2025-03-21T19:33:12","slug":"pourquoi-faire-affaire-avec-un-courtier-immobilier","status":"publish","type":"page","link":"https:\/\/catherinedawe.com\/fr\/acheter-2\/pourquoi-faire-affaire-avec-un-courtier-immobilier\/","title":{"rendered":"Pourquoi faire affaire avec un courtier immobilier"},"content":{"rendered":"<p><img loading=\"lazy\" decoding=\"async\" class=\"alignright size-full wp-image-619\" src=\"\/files\/2012\/05\/CatherineDawe_CharteredRealEstate-KW.png\" alt=\"CatherineDawe_CharteredRealEstate-KW\" width=\"285\" height=\"376\" srcset=\"https:\/\/catherinedawe.com\/files\/2012\/05\/CatherineDawe_CharteredRealEstate-KW.png 285w, https:\/\/catherinedawe.com\/files\/2012\/05\/CatherineDawe_CharteredRealEstate-KW-227x300.png 227w\" sizes=\"auto, (max-width: 285px) 100vw, 285px\" \/><\/p>\n<h3>Vous cherchez une maison?<\/h3>\n<p>Trouver la maison id\u00e9ale peut s\u2019av\u00e9rer un processus long et p\u00e9nible.\u00a0C\u2019est pourquoi je vous aiderai \u00e0 explorer vos options et \u00e0 faire le meilleur choix. Il suffit de m\u2019appeler et on parlera maisons. Sans pression ni baratin, je vous dirai en toute franchise ce qui sert VOS int\u00e9r\u00eats!<\/p>\n<p>L\u2019achat d\u2019une maison est un processus tr\u00e8s complexe, qui demande du temps et de l\u2019argent. En plus d\u2019avoir \u00e0 soupeser les aspects commerciaux, financiers et juridiques de la transaction, il faut savoir n\u00e9gocier efficacement. Les courtiers immobiliers sont justement l\u00e0 pour \u00e7a. En faisant affaire avec un courtier membre d&rsquo;une chambre immobili\u00e8re, vous avez la certitude de franchir toutes ces \u00e9tapes avec succ\u00e8s.<\/p>\n<h3>Une formation reconnue<\/h3>\n<p>Comme courti\u00e8re immobili\u00e8re agr\u00e9\u00e9e, je d\u00e9tiens une solide formation et un certificat de l\u2019Organisme d\u2019autor\u00e9glementation du courtage immobilier du Qu\u00e9bec (<a href=\"https:\/\/www.oaciq.com\/fr\/\" target=\"_blank\" rel=\"noopener\">OACIQ<\/a>), et je mets \u00e0 votre disposition mes ann\u00e9es d\u2019exp\u00e9rience dans le domaine. \u00c0 travers mon solide r\u00e9seau de contacts professionnels, vous aurez acc\u00e8s aux nombreux outils et conseils d\u2019experts qui rendront cette exp\u00e9rience plus efficace et sereine. Je serai votre guichet unique \u00e0 toutes les \u00e9tapes, de l\u2019inspection du b\u00e2timent \u00e0 l\u2019acte notari\u00e9, en passant par l\u2019approbation financi\u00e8re et l\u2019hypoth\u00e8que. Et ma pr\u00e9sence vous garantit la protection l\u00e9gale stipul\u00e9e dans la Loi sur le courtage immobilier!<\/p>\n<h3>Un bon travail d\u2019\u00e9quipe<\/h3>\n<p>Quand vous cherchez une propri\u00e9t\u00e9, nous mettons \u00e0 profit la puissance du syst\u00e8me MLS\u00ae pour cibler celles qui vous conviennent. Nous vous accompagnons ensuite lors des visites afin d\u2019analyser, en toute objectivit\u00e9, les caract\u00e9ristiques de chaque propri\u00e9t\u00e9 choisie, puis nous repr\u00e9sentons vos int\u00e9r\u00eats au moment de n\u00e9gocier l\u2019achat. \u00a0Nous vous accompagnons donc \u00e0 toutes les \u00e9tapes de l\u2019achat d\u2019une propri\u00e9t\u00e9, jusqu\u2019\u00e0 la signature chez le notaire!<\/p>\n<p>Mais nos services ne s\u2019arr\u00eatent pas l\u00e0. Notre \u00e9quipe communique avec vous quelques semaines apr\u00e8s votre d\u00e9m\u00e9nagement, puis ponctuellement, pour nous assurer que tout va bien.<\/p>\n<p>Toute question m\u00e9rite d\u2019\u00eatre pos\u00e9e, et je me ferai toujours un plaisir d\u2019y r\u00e9pondre. N&rsquo;h\u00e9sitez pas \u00e0 <a href=\"https:\/\/catherinedawe.com\/fr\/me-contacter\/\" target=\"_blank\" rel=\"noopener\">me contacter<\/a>!<\/p>","protected":false},"excerpt":{"rendered":"<p>Vous cherchez une maison? Trouver la maison id\u00e9ale peut s\u2019av\u00e9rer un processus long et p\u00e9nible.\u00a0C\u2019est pourquoi je vous aiderai \u00e0 explorer vos options et \u00e0 faire le meilleur choix. Il suffit de m\u2019appeler et on parlera maisons. Sans pression ni baratin, je vous dirai en toute franchise ce qui sert VOS int\u00e9r\u00eats! L\u2019achat d\u2019une maison [&hellip;]<\/p>\n","protected":false},"author":1,"featured_media":0,"parent":7,"menu_order":10,"comment_status":"open","ping_status":"closed","template":"","meta":{"_acf_changed":false,"footnotes":""},"class_list":["post-100","page","type-page","status-publish","hentry"],"acf":[],"yoast_head":"<!-- This site is optimized with the Yoast SEO plugin v26.7 - https:\/\/yoast.com\/wordpress\/plugins\/seo\/ -->\n<title>Buying a Home With a Real Estate Broker | Catherine Dawe<\/title>\n<meta name=\"description\" content=\"Interested in buying a home? Finding the ideal home can be a long and tedious process. Use a broker to make it easier.\" \/>\n<meta name=\"robots\" content=\"index, follow, max-snippet:-1, max-image-preview:large, max-video-preview:-1\" \/>\n<link rel=\"canonical\" href=\"https:\/\/catherinedawe.com\/acheter-2\/pourquoi-faire-affaire-avec-un-courtier-immobilier\/\" \/>\n<meta property=\"og:locale\" content=\"fr_FR\" \/>\n<meta property=\"og:type\" content=\"article\" \/>\n<meta property=\"og:title\" content=\"Buying a Home With a Real Estate Broker | Catherine Dawe\" \/>\n<meta property=\"og:description\" content=\"Interested in buying a home? Finding the ideal home can be a long and tedious process. Use a broker to make it easier.\" \/>\n<meta property=\"og:url\" content=\"https:\/\/catherinedawe.com\/acheter-2\/pourquoi-faire-affaire-avec-un-courtier-immobilier\/\" \/>\n<meta property=\"og:site_name\" content=\"Catherine Dawe\" \/>\n<meta property=\"article:publisher\" content=\"https:\/\/www.facebook.com\/MontrealRealEstateforSale\" \/>\n<meta property=\"article:modified_time\" content=\"2025-03-21T19:33:12+00:00\" \/>\n<meta property=\"og:image\" content=\"https:\/\/catherinedawe.com\/files\/2012\/05\/CatherineDawe_CharteredRealEstate-KW.png\" \/>\n<meta name=\"twitter:card\" content=\"summary_large_image\" \/>\n<meta name=\"twitter:site\" content=\"@cdawemtl\" \/>\n<meta name=\"twitter:label1\" content=\"Dur\u00e9e de lecture estim\u00e9e\" \/>\n\t<meta name=\"twitter:data1\" content=\"2 minutes\" \/>\n<script type=\"application\/ld+json\" class=\"yoast-schema-graph\">{\"@context\":\"https:\/\/schema.org\",\"@graph\":[{\"@type\":\"WebPage\",\"@id\":\"https:\/\/catherinedawe.com\/acheter-2\/pourquoi-faire-affaire-avec-un-courtier-immobilier\/\",\"url\":\"https:\/\/catherinedawe.com\/acheter-2\/pourquoi-faire-affaire-avec-un-courtier-immobilier\/\",\"name\":\"Buying a Home With a Real Estate Broker | Catherine Dawe\",\"isPartOf\":{\"@id\":\"https:\/\/catherinedawe.com\/#website\"},\"primaryImageOfPage\":{\"@id\":\"https:\/\/catherinedawe.com\/acheter-2\/pourquoi-faire-affaire-avec-un-courtier-immobilier\/#primaryimage\"},\"image\":{\"@id\":\"https:\/\/catherinedawe.com\/acheter-2\/pourquoi-faire-affaire-avec-un-courtier-immobilier\/#primaryimage\"},\"thumbnailUrl\":\"https:\/\/catherinedawe.com\/files\/2012\/05\/CatherineDawe_CharteredRealEstate-KW.png\",\"datePublished\":\"2012-05-11T22:57:19+00:00\",\"dateModified\":\"2025-03-21T19:33:12+00:00\",\"description\":\"Interested in buying a home? Finding the ideal home can be a long and tedious process. Use a broker to make it easier.\",\"breadcrumb\":{\"@id\":\"https:\/\/catherinedawe.com\/acheter-2\/pourquoi-faire-affaire-avec-un-courtier-immobilier\/#breadcrumb\"},\"inLanguage\":\"fr-FR\",\"potentialAction\":[{\"@type\":\"ReadAction\",\"target\":[\"https:\/\/catherinedawe.com\/acheter-2\/pourquoi-faire-affaire-avec-un-courtier-immobilier\/\"]}]},{\"@type\":\"ImageObject\",\"inLanguage\":\"fr-FR\",\"@id\":\"https:\/\/catherinedawe.com\/acheter-2\/pourquoi-faire-affaire-avec-un-courtier-immobilier\/#primaryimage\",\"url\":\"https:\/\/catherinedawe.com\/files\/2012\/05\/CatherineDawe_CharteredRealEstate-KW.png\",\"contentUrl\":\"https:\/\/catherinedawe.com\/files\/2012\/05\/CatherineDawe_CharteredRealEstate-KW.png\"},{\"@type\":\"BreadcrumbList\",\"@id\":\"https:\/\/catherinedawe.com\/acheter-2\/pourquoi-faire-affaire-avec-un-courtier-immobilier\/#breadcrumb\",\"itemListElement\":[{\"@type\":\"ListItem\",\"position\":1,\"name\":\"Accueil\",\"item\":\"https:\/\/catherinedawe.com\/fr\/\"},{\"@type\":\"ListItem\",\"position\":2,\"name\":\"Buy\",\"item\":\"https:\/\/catherinedawe.com\/acheter-2\/\"},{\"@type\":\"ListItem\",\"position\":3,\"name\":\"Real Estate brokers: First-Rate Partners\"}]},{\"@type\":\"WebSite\",\"@id\":\"https:\/\/catherinedawe.com\/#website\",\"url\":\"https:\/\/catherinedawe.com\/\",\"name\":\"Catherine Dawe\",\"description\":\"\",\"publisher\":{\"@id\":\"https:\/\/catherinedawe.com\/#organization\"},\"potentialAction\":[{\"@type\":\"SearchAction\",\"target\":{\"@type\":\"EntryPoint\",\"urlTemplate\":\"https:\/\/catherinedawe.com\/?s={search_term_string}\"},\"query-input\":{\"@type\":\"PropertyValueSpecification\",\"valueRequired\":true,\"valueName\":\"search_term_string\"}}],\"inLanguage\":\"fr-FR\"},{\"@type\":\"Organization\",\"@id\":\"https:\/\/catherinedawe.com\/#organization\",\"name\":\"Catherine Dawe Exp\u00e9rience Montreal Real Estate\",\"url\":\"https:\/\/catherinedawe.com\/\",\"logo\":{\"@type\":\"ImageObject\",\"inLanguage\":\"fr-FR\",\"@id\":\"https:\/\/catherinedawe.com\/#\/schema\/logo\/image\/\",\"url\":\"https:\/\/catherinedawe.com\/files\/2024\/03\/Catherine-Dawe-Experience-Favicon.png\",\"contentUrl\":\"https:\/\/catherinedawe.com\/files\/2024\/03\/Catherine-Dawe-Experience-Favicon.png\",\"width\":500,\"height\":500,\"caption\":\"Catherine Dawe Exp\u00e9rience Montreal Real Estate\"},\"image\":{\"@id\":\"https:\/\/catherinedawe.com\/#\/schema\/logo\/image\/\"},\"sameAs\":[\"https:\/\/www.facebook.com\/MontrealRealEstateforSale\",\"https:\/\/x.com\/cdawemtl\",\"https:\/\/www.instagram.com\/cdawemtl\/\",\"https:\/\/www.linkedin.com\/in\/catherinedawe\/\",\"https:\/\/www.youtube.com\/channel\/UCxhrvXE1R5Key2BcJBHecrw\"]}]}<\/script>\n<!-- \/ Yoast SEO plugin. -->","yoast_head_json":{"title":"Buying a Home With a Real Estate Broker | Catherine Dawe","description":"Interested in buying a home? Finding the ideal home can be a long and tedious process. Use a broker to make it easier.","robots":{"index":"index","follow":"follow","max-snippet":"max-snippet:-1","max-image-preview":"max-image-preview:large","max-video-preview":"max-video-preview:-1"},"canonical":"https:\/\/catherinedawe.com\/acheter-2\/pourquoi-faire-affaire-avec-un-courtier-immobilier\/","og_locale":"fr_FR","og_type":"article","og_title":"Buying a Home With a Real Estate Broker | Catherine Dawe","og_description":"Interested in buying a home? Finding the ideal home can be a long and tedious process. Use a broker to make it easier.","og_url":"https:\/\/catherinedawe.com\/acheter-2\/pourquoi-faire-affaire-avec-un-courtier-immobilier\/","og_site_name":"Catherine Dawe","article_publisher":"https:\/\/www.facebook.com\/MontrealRealEstateforSale","article_modified_time":"2025-03-21T19:33:12+00:00","og_image":[{"url":"https:\/\/catherinedawe.com\/files\/2012\/05\/CatherineDawe_CharteredRealEstate-KW.png","type":"","width":"","height":""}],"twitter_card":"summary_large_image","twitter_site":"@cdawemtl","twitter_misc":{"Dur\u00e9e de lecture estim\u00e9e":"2 minutes"},"schema":{"@context":"https:\/\/schema.org","@graph":[{"@type":"WebPage","@id":"https:\/\/catherinedawe.com\/acheter-2\/pourquoi-faire-affaire-avec-un-courtier-immobilier\/","url":"https:\/\/catherinedawe.com\/acheter-2\/pourquoi-faire-affaire-avec-un-courtier-immobilier\/","name":"Buying a Home With a Real Estate Broker | Catherine Dawe","isPartOf":{"@id":"https:\/\/catherinedawe.com\/#website"},"primaryImageOfPage":{"@id":"https:\/\/catherinedawe.com\/acheter-2\/pourquoi-faire-affaire-avec-un-courtier-immobilier\/#primaryimage"},"image":{"@id":"https:\/\/catherinedawe.com\/acheter-2\/pourquoi-faire-affaire-avec-un-courtier-immobilier\/#primaryimage"},"thumbnailUrl":"https:\/\/catherinedawe.com\/files\/2012\/05\/CatherineDawe_CharteredRealEstate-KW.png","datePublished":"2012-05-11T22:57:19+00:00","dateModified":"2025-03-21T19:33:12+00:00","description":"Interested in buying a home? Finding the ideal home can be a long and tedious process. Use a broker to make it easier.","breadcrumb":{"@id":"https:\/\/catherinedawe.com\/acheter-2\/pourquoi-faire-affaire-avec-un-courtier-immobilier\/#breadcrumb"},"inLanguage":"fr-FR","potentialAction":[{"@type":"ReadAction","target":["https:\/\/catherinedawe.com\/acheter-2\/pourquoi-faire-affaire-avec-un-courtier-immobilier\/"]}]},{"@type":"ImageObject","inLanguage":"fr-FR","@id":"https:\/\/catherinedawe.com\/acheter-2\/pourquoi-faire-affaire-avec-un-courtier-immobilier\/#primaryimage","url":"https:\/\/catherinedawe.com\/files\/2012\/05\/CatherineDawe_CharteredRealEstate-KW.png","contentUrl":"https:\/\/catherinedawe.com\/files\/2012\/05\/CatherineDawe_CharteredRealEstate-KW.png"},{"@type":"BreadcrumbList","@id":"https:\/\/catherinedawe.com\/acheter-2\/pourquoi-faire-affaire-avec-un-courtier-immobilier\/#breadcrumb","itemListElement":[{"@type":"ListItem","position":1,"name":"Accueil","item":"https:\/\/catherinedawe.com\/fr\/"},{"@type":"ListItem","position":2,"name":"Buy","item":"https:\/\/catherinedawe.com\/acheter-2\/"},{"@type":"ListItem","position":3,"name":"Real Estate brokers: First-Rate Partners"}]},{"@type":"WebSite","@id":"https:\/\/catherinedawe.com\/#website","url":"https:\/\/catherinedawe.com\/","name":"Catherine Dawe","description":"","publisher":{"@id":"https:\/\/catherinedawe.com\/#organization"},"potentialAction":[{"@type":"SearchAction","target":{"@type":"EntryPoint","urlTemplate":"https:\/\/catherinedawe.com\/?s={search_term_string}"},"query-input":{"@type":"PropertyValueSpecification","valueRequired":true,"valueName":"search_term_string"}}],"inLanguage":"fr-FR"},{"@type":"Organization","@id":"https:\/\/catherinedawe.com\/#organization","name":"Catherine Dawe Exp\u00e9rience Montreal Real Estate","url":"https:\/\/catherinedawe.com\/","logo":{"@type":"ImageObject","inLanguage":"fr-FR","@id":"https:\/\/catherinedawe.com\/#\/schema\/logo\/image\/","url":"https:\/\/catherinedawe.com\/files\/2024\/03\/Catherine-Dawe-Experience-Favicon.png","contentUrl":"https:\/\/catherinedawe.com\/files\/2024\/03\/Catherine-Dawe-Experience-Favicon.png","width":500,"height":500,"caption":"Catherine Dawe Exp\u00e9rience Montreal Real Estate"},"image":{"@id":"https:\/\/catherinedawe.com\/#\/schema\/logo\/image\/"},"sameAs":["https:\/\/www.facebook.com\/MontrealRealEstateforSale","https:\/\/x.com\/cdawemtl","https:\/\/www.instagram.com\/cdawemtl\/","https:\/\/www.linkedin.com\/in\/catherinedawe\/","https:\/\/www.youtube.com\/channel\/UCxhrvXE1R5Key2BcJBHecrw"]}]}},"_links":{"self":[{"href":"https:\/\/catherinedawe.com\/fr\/wp-json\/wp\/v2\/pages\/100","targetHints":{"allow":["GET"]}}],"collection":[{"href":"https:\/\/catherinedawe.com\/fr\/wp-json\/wp\/v2\/pages"}],"about":[{"href":"https:\/\/catherinedawe.com\/fr\/wp-json\/wp\/v2\/types\/page"}],"author":[{"embeddable":true,"href":"https:\/\/catherinedawe.com\/fr\/wp-json\/wp\/v2\/users\/1"}],"replies":[{"embeddable":true,"href":"https:\/\/catherinedawe.com\/fr\/wp-json\/wp\/v2\/comments?post=100"}],"version-history":[{"count":2,"href":"https:\/\/catherinedawe.com\/fr\/wp-json\/wp\/v2\/pages\/100\/revisions"}],"predecessor-version":[{"id":2739,"href":"https:\/\/catherinedawe.com\/fr\/wp-json\/wp\/v2\/pages\/100\/revisions\/2739"}],"up":[{"embeddable":true,"href":"https:\/\/catherinedawe.com\/fr\/wp-json\/wp\/v2\/pages\/7"}],"wp:attachment":[{"href":"https:\/\/catherinedawe.com\/fr\/wp-json\/wp\/v2\/media?parent=100"}],"curies":[{"name":"wp","href":"https:\/\/api.w.org\/{rel}","templated":true}]}}