{"id":106,"date":"2012-05-11T18:59:07","date_gmt":"2012-05-11T22:59:07","guid":{"rendered":"http:\/\/public.mediasimple.ca\/remax_papachristou\/?page_id=106"},"modified":"2025-04-02T12:46:33","modified_gmt":"2025-04-02T16:46:33","slug":"avec-un-courtier-immobilier-vous-etes-bien-protege","status":"publish","type":"page","link":"https:\/\/catherinedawe.com\/fr\/acheter-2\/avec-un-courtier-immobilier-vous-etes-bien-protege\/","title":{"rendered":"Avec un courtier immobilier, vous \u00eates bien prot\u00e9g\u00e9!"},"content":{"rendered":"<p><a href=\"\/files\/2012\/05\/Protection.jpg\"><img loading=\"lazy\" decoding=\"async\" class=\" size-full wp-image-744 alignleft\" src=\"\/files\/2012\/05\/Protection.jpg\" alt=\"Protection\" width=\"300\" height=\"300\" srcset=\"https:\/\/catherinedawe.com\/files\/2012\/05\/Protection.jpg 300w, https:\/\/catherinedawe.com\/files\/2012\/05\/Protection-150x150.jpg 150w, https:\/\/catherinedawe.com\/files\/2012\/05\/Protection-80x80.jpg 80w\" sizes=\"auto, (max-width: 300px) 100vw, 300px\" \/><\/a>Faire affaire avec un courtier immobilier vous assure d&rsquo;\u00eatre prot\u00e9g\u00e9 par la loi. En effet, la Loi sur le courtage immobilier ainsi que divers organismes r\u00e9gissent la profession de courtier immobilier afin que les consommateurs soient servis de fa\u00e7on \u00e9quitable et comp\u00e9tente. Vous avez ainsi l&rsquo;assurance d&rsquo;\u00eatre servi par un professionnel hautement qualifi\u00e9 et bien encadr\u00e9.<\/p>\n<h3>Loi sur le courtage immobilier<\/h3>\n<p>La Loi sur le courtage immobilier a pour principal objectif de prot\u00e9ger le public. Pour ce faire, elle pr\u00e9voit certaines r\u00e8gles relatives au contrat de courtage liant le courtier et le client qui souhaite vendre sa propri\u00e9t\u00e9. Ces r\u00e8gles sont analogues \u00e0 certaines r\u00e8gles de la Loi sur la protection du consommateur.<\/p>\n<h3>Organisme d&rsquo;autor\u00e9glementation du courtage immobilier du Qu\u00e9bec<\/h3>\n<p>Cr\u00e9\u00e9e par la Loi sur le courtage immobilier, l&rsquo;Organisme d&rsquo;autor\u00e9glementation du courtage immobilier du Qu\u00e9bec (OACIQ) a pour mission de prot\u00e9ger le public en encadrant la pratique de tous les professionnels de l&rsquo;immobilier. Elle est responsable d&rsquo;administrer l&rsquo;examen qui m\u00e8ne \u00e0 l&rsquo;obtention d&rsquo;un certificat de pratique, et s&rsquo;assure que les courtiers et courtiers poursuivent leurs activit\u00e9s conform\u00e9ment \u00e0 la loi et aux r\u00e8glements en vigueur. Pour en savoir plus, visitez le\u00a0<a href=\"http:\/\/www.oaciq.com\/?uc=0\" target=\"_blank\" rel=\"noopener\">www.oaciq.com<\/a>.<\/p>\n<h3>Fonds d&rsquo;indemnisation du courtage immobilier<\/h3>\n<p>Chaque courtier immobilier contribue au Fonds d&rsquo;indemnisation du courtage immobilier. Le Fonds a le pouvoir d&rsquo;indemniser le consommateur dans l&rsquo;\u00e9ventualit\u00e9 o\u00f9 un probl\u00e8me survient dans le cadre d&rsquo;une transaction immobili\u00e8re, qu&rsquo;il s&rsquo;agisse d&rsquo;une fraude, d&rsquo;une op\u00e9ration malhonn\u00eate ou d&rsquo;un d\u00e9tournement de fonds ou de biens. Pour en savoir plus, visitez le\u00a0<a href=\"http:\/\/www.indemnisation.org\/?uc=0\" target=\"_blank\" rel=\"noopener\">www.indemnisation.org<\/a>.<\/p>\n<h3>L&rsquo;assurance responsabilit\u00e9 professionnelle<\/h3>\n<p>L&rsquo;assurance responsabilit\u00e9 professionnelle \u00e0 laquelle doivent souscrire les courtiers immobiliers offre une protection financi\u00e8re suppl\u00e9mentaire aux consommateurs en cas de faute, erreur, n\u00e9gligence ou omission. Cette assurance couvre les r\u00e9clamations de nature civile et les poursuites civiles.<\/p>\n<p>SOURCE : <a title=\"http:\/\/www.CENTRIS.CA\" href=\"http:\/\/www.CENTRIS.CA\" target=\"_blank\" rel=\"noopener\">CENTRIS.CA<\/a><\/p>","protected":false},"excerpt":{"rendered":"<p>Faire affaire avec un courtier immobilier vous assure d&rsquo;\u00eatre prot\u00e9g\u00e9 par la loi. En effet, la Loi sur le courtage immobilier ainsi que divers organismes r\u00e9gissent la profession de courtier immobilier afin que les consommateurs soient servis de fa\u00e7on \u00e9quitable et comp\u00e9tente. Vous avez ainsi l&rsquo;assurance d&rsquo;\u00eatre servi par un professionnel hautement qualifi\u00e9 et bien [&hellip;]<\/p>\n","protected":false},"author":1,"featured_media":0,"parent":7,"menu_order":20,"comment_status":"open","ping_status":"closed","template":"","meta":{"_acf_changed":false,"footnotes":""},"class_list":["post-106","page","type-page","status-publish","hentry"],"acf":[],"yoast_head":"<!-- This site is optimized with the Yoast SEO plugin v26.7 - https:\/\/yoast.com\/wordpress\/plugins\/seo\/ -->\n<title>Protection You Can Count On! | Real Estate Brokerage Act &amp; More<\/title>\n<meta name=\"description\" content=\"Doing business with a real estate broker means you&#039;re protected by law, notably through the Real Estate Brokerage Act.\" \/>\n<meta name=\"robots\" content=\"index, follow, max-snippet:-1, max-image-preview:large, max-video-preview:-1\" \/>\n<link rel=\"canonical\" href=\"https:\/\/catherinedawe.com\/acheter-2\/avec-un-courtier-immobilier-vous-etes-bien-protege\/\" \/>\n<meta property=\"og:locale\" content=\"fr_FR\" \/>\n<meta property=\"og:type\" content=\"article\" \/>\n<meta property=\"og:title\" content=\"Protection You Can Count On! | Real Estate Brokerage Act &amp; More\" \/>\n<meta property=\"og:description\" content=\"Doing business with a real estate broker means you&#039;re protected by law, notably through the Real Estate Brokerage Act.\" \/>\n<meta property=\"og:url\" content=\"https:\/\/catherinedawe.com\/acheter-2\/avec-un-courtier-immobilier-vous-etes-bien-protege\/\" \/>\n<meta property=\"og:site_name\" content=\"Catherine Dawe\" \/>\n<meta property=\"article:publisher\" content=\"https:\/\/www.facebook.com\/MontrealRealEstateforSale\" \/>\n<meta property=\"article:modified_time\" content=\"2025-04-02T16:46:33+00:00\" \/>\n<meta property=\"og:image\" content=\"https:\/\/catherinedawe.com\/files\/2024\/03\/2.png\" \/>\n\t<meta property=\"og:image:width\" content=\"1200\" \/>\n\t<meta property=\"og:image:height\" content=\"630\" \/>\n\t<meta property=\"og:image:type\" content=\"image\/png\" \/>\n<meta name=\"twitter:card\" content=\"summary_large_image\" \/>\n<meta name=\"twitter:site\" content=\"@cdawemtl\" \/>\n<meta name=\"twitter:label1\" content=\"Dur\u00e9e de lecture estim\u00e9e\" \/>\n\t<meta name=\"twitter:data1\" content=\"3 minutes\" \/>\n<script type=\"application\/ld+json\" class=\"yoast-schema-graph\">{\"@context\":\"https:\/\/schema.org\",\"@graph\":[{\"@type\":\"WebPage\",\"@id\":\"https:\/\/catherinedawe.com\/acheter-2\/avec-un-courtier-immobilier-vous-etes-bien-protege\/\",\"url\":\"https:\/\/catherinedawe.com\/acheter-2\/avec-un-courtier-immobilier-vous-etes-bien-protege\/\",\"name\":\"Protection You Can Count On! | Real Estate Brokerage Act & More\",\"isPartOf\":{\"@id\":\"https:\/\/catherinedawe.com\/#website\"},\"datePublished\":\"2012-05-11T22:59:07+00:00\",\"dateModified\":\"2025-04-02T16:46:33+00:00\",\"description\":\"Doing business with a real estate broker means you're protected by law, notably through the Real Estate Brokerage Act.\",\"breadcrumb\":{\"@id\":\"https:\/\/catherinedawe.com\/acheter-2\/avec-un-courtier-immobilier-vous-etes-bien-protege\/#breadcrumb\"},\"inLanguage\":\"fr-FR\",\"potentialAction\":[{\"@type\":\"ReadAction\",\"target\":[\"https:\/\/catherinedawe.com\/acheter-2\/avec-un-courtier-immobilier-vous-etes-bien-protege\/\"]}]},{\"@type\":\"BreadcrumbList\",\"@id\":\"https:\/\/catherinedawe.com\/acheter-2\/avec-un-courtier-immobilier-vous-etes-bien-protege\/#breadcrumb\",\"itemListElement\":[{\"@type\":\"ListItem\",\"position\":1,\"name\":\"Accueil\",\"item\":\"https:\/\/catherinedawe.com\/fr\/\"},{\"@type\":\"ListItem\",\"position\":2,\"name\":\"Buy\",\"item\":\"https:\/\/catherinedawe.com\/acheter-2\/\"},{\"@type\":\"ListItem\",\"position\":3,\"name\":\"Protection You Can Count On!\"}]},{\"@type\":\"WebSite\",\"@id\":\"https:\/\/catherinedawe.com\/#website\",\"url\":\"https:\/\/catherinedawe.com\/\",\"name\":\"Catherine Dawe\",\"description\":\"\",\"publisher\":{\"@id\":\"https:\/\/catherinedawe.com\/#organization\"},\"potentialAction\":[{\"@type\":\"SearchAction\",\"target\":{\"@type\":\"EntryPoint\",\"urlTemplate\":\"https:\/\/catherinedawe.com\/?s={search_term_string}\"},\"query-input\":{\"@type\":\"PropertyValueSpecification\",\"valueRequired\":true,\"valueName\":\"search_term_string\"}}],\"inLanguage\":\"fr-FR\"},{\"@type\":\"Organization\",\"@id\":\"https:\/\/catherinedawe.com\/#organization\",\"name\":\"Catherine Dawe Exp\u00e9rience Montreal Real Estate\",\"url\":\"https:\/\/catherinedawe.com\/\",\"logo\":{\"@type\":\"ImageObject\",\"inLanguage\":\"fr-FR\",\"@id\":\"https:\/\/catherinedawe.com\/#\/schema\/logo\/image\/\",\"url\":\"https:\/\/catherinedawe.com\/files\/2024\/03\/Catherine-Dawe-Experience-Favicon.png\",\"contentUrl\":\"https:\/\/catherinedawe.com\/files\/2024\/03\/Catherine-Dawe-Experience-Favicon.png\",\"width\":500,\"height\":500,\"caption\":\"Catherine Dawe Exp\u00e9rience Montreal Real Estate\"},\"image\":{\"@id\":\"https:\/\/catherinedawe.com\/#\/schema\/logo\/image\/\"},\"sameAs\":[\"https:\/\/www.facebook.com\/MontrealRealEstateforSale\",\"https:\/\/x.com\/cdawemtl\",\"https:\/\/www.instagram.com\/cdawemtl\/\",\"https:\/\/www.linkedin.com\/in\/catherinedawe\/\",\"https:\/\/www.youtube.com\/channel\/UCxhrvXE1R5Key2BcJBHecrw\"]}]}<\/script>\n<!-- \/ Yoast SEO plugin. -->","yoast_head_json":{"title":"Protection You Can Count On! | Real Estate Brokerage Act & More","description":"Doing business with a real estate broker means you're protected by law, notably through the Real Estate Brokerage Act.","robots":{"index":"index","follow":"follow","max-snippet":"max-snippet:-1","max-image-preview":"max-image-preview:large","max-video-preview":"max-video-preview:-1"},"canonical":"https:\/\/catherinedawe.com\/acheter-2\/avec-un-courtier-immobilier-vous-etes-bien-protege\/","og_locale":"fr_FR","og_type":"article","og_title":"Protection You Can Count On! | Real Estate Brokerage Act & More","og_description":"Doing business with a real estate broker means you're protected by law, notably through the Real Estate Brokerage Act.","og_url":"https:\/\/catherinedawe.com\/acheter-2\/avec-un-courtier-immobilier-vous-etes-bien-protege\/","og_site_name":"Catherine Dawe","article_publisher":"https:\/\/www.facebook.com\/MontrealRealEstateforSale","article_modified_time":"2025-04-02T16:46:33+00:00","og_image":[{"width":1200,"height":630,"url":"https:\/\/catherinedawe.com\/files\/2024\/03\/2.png","type":"image\/png"}],"twitter_card":"summary_large_image","twitter_site":"@cdawemtl","twitter_misc":{"Dur\u00e9e de lecture estim\u00e9e":"3 minutes"},"schema":{"@context":"https:\/\/schema.org","@graph":[{"@type":"WebPage","@id":"https:\/\/catherinedawe.com\/acheter-2\/avec-un-courtier-immobilier-vous-etes-bien-protege\/","url":"https:\/\/catherinedawe.com\/acheter-2\/avec-un-courtier-immobilier-vous-etes-bien-protege\/","name":"Protection You Can Count On! | Real Estate Brokerage Act & More","isPartOf":{"@id":"https:\/\/catherinedawe.com\/#website"},"datePublished":"2012-05-11T22:59:07+00:00","dateModified":"2025-04-02T16:46:33+00:00","description":"Doing business with a real estate broker means you're protected by law, notably through the Real Estate Brokerage Act.","breadcrumb":{"@id":"https:\/\/catherinedawe.com\/acheter-2\/avec-un-courtier-immobilier-vous-etes-bien-protege\/#breadcrumb"},"inLanguage":"fr-FR","potentialAction":[{"@type":"ReadAction","target":["https:\/\/catherinedawe.com\/acheter-2\/avec-un-courtier-immobilier-vous-etes-bien-protege\/"]}]},{"@type":"BreadcrumbList","@id":"https:\/\/catherinedawe.com\/acheter-2\/avec-un-courtier-immobilier-vous-etes-bien-protege\/#breadcrumb","itemListElement":[{"@type":"ListItem","position":1,"name":"Accueil","item":"https:\/\/catherinedawe.com\/fr\/"},{"@type":"ListItem","position":2,"name":"Buy","item":"https:\/\/catherinedawe.com\/acheter-2\/"},{"@type":"ListItem","position":3,"name":"Protection You Can Count On!"}]},{"@type":"WebSite","@id":"https:\/\/catherinedawe.com\/#website","url":"https:\/\/catherinedawe.com\/","name":"Catherine Dawe","description":"","publisher":{"@id":"https:\/\/catherinedawe.com\/#organization"},"potentialAction":[{"@type":"SearchAction","target":{"@type":"EntryPoint","urlTemplate":"https:\/\/catherinedawe.com\/?s={search_term_string}"},"query-input":{"@type":"PropertyValueSpecification","valueRequired":true,"valueName":"search_term_string"}}],"inLanguage":"fr-FR"},{"@type":"Organization","@id":"https:\/\/catherinedawe.com\/#organization","name":"Catherine Dawe Exp\u00e9rience Montreal Real Estate","url":"https:\/\/catherinedawe.com\/","logo":{"@type":"ImageObject","inLanguage":"fr-FR","@id":"https:\/\/catherinedawe.com\/#\/schema\/logo\/image\/","url":"https:\/\/catherinedawe.com\/files\/2024\/03\/Catherine-Dawe-Experience-Favicon.png","contentUrl":"https:\/\/catherinedawe.com\/files\/2024\/03\/Catherine-Dawe-Experience-Favicon.png","width":500,"height":500,"caption":"Catherine Dawe Exp\u00e9rience Montreal Real Estate"},"image":{"@id":"https:\/\/catherinedawe.com\/#\/schema\/logo\/image\/"},"sameAs":["https:\/\/www.facebook.com\/MontrealRealEstateforSale","https:\/\/x.com\/cdawemtl","https:\/\/www.instagram.com\/cdawemtl\/","https:\/\/www.linkedin.com\/in\/catherinedawe\/","https:\/\/www.youtube.com\/channel\/UCxhrvXE1R5Key2BcJBHecrw"]}]}},"_links":{"self":[{"href":"https:\/\/catherinedawe.com\/fr\/wp-json\/wp\/v2\/pages\/106","targetHints":{"allow":["GET"]}}],"collection":[{"href":"https:\/\/catherinedawe.com\/fr\/wp-json\/wp\/v2\/pages"}],"about":[{"href":"https:\/\/catherinedawe.com\/fr\/wp-json\/wp\/v2\/types\/page"}],"author":[{"embeddable":true,"href":"https:\/\/catherinedawe.com\/fr\/wp-json\/wp\/v2\/users\/1"}],"replies":[{"embeddable":true,"href":"https:\/\/catherinedawe.com\/fr\/wp-json\/wp\/v2\/comments?post=106"}],"version-history":[{"count":1,"href":"https:\/\/catherinedawe.com\/fr\/wp-json\/wp\/v2\/pages\/106\/revisions"}],"predecessor-version":[{"id":2799,"href":"https:\/\/catherinedawe.com\/fr\/wp-json\/wp\/v2\/pages\/106\/revisions\/2799"}],"up":[{"embeddable":true,"href":"https:\/\/catherinedawe.com\/fr\/wp-json\/wp\/v2\/pages\/7"}],"wp:attachment":[{"href":"https:\/\/catherinedawe.com\/fr\/wp-json\/wp\/v2\/media?parent=106"}],"curies":[{"name":"wp","href":"https:\/\/api.w.org\/{rel}","templated":true}]}}