{"id":123,"date":"2012-05-11T19:07:45","date_gmt":"2012-05-11T23:07:45","guid":{"rendered":"http:\/\/public.mediasimple.ca\/remax_papachristou\/?page_id=123"},"modified":"2025-04-02T15:03:49","modified_gmt":"2025-04-02T19:03:49","slug":"pour-vendre-rapidement-faites-bonne-impression","status":"publish","type":"page","link":"https:\/\/catherinedawe.com\/fr\/vendre-2\/pour-vendre-rapidement-faites-bonne-impression\/","title":{"rendered":"Pour vendre rapidement, faites bonne impression!"},"content":{"rendered":"<p>Lorsque vient le temps de vendre votre propri\u00e9t\u00e9, vous n&rsquo;avez qu&rsquo;une seule chance de faire bonne impression. Pour vendre rapidement votre maison, il est important de tout mettre en \u0153uvre pour la rendre attrayante au premier coup d&rsquo;\u0153il pour les acheteurs potentiels.<\/p>\n<h2>L&rsquo;ext\u00e9rieur<\/h2>\n<p><a href=\"\/files\/2012\/05\/Plantes.jpg\"><img loading=\"lazy\" decoding=\"async\" class=\" wp-image-734 alignleft\" src=\"\/files\/2012\/05\/Plantes.jpg\" alt=\"Plantes\" width=\"286\" height=\"263\" \/><\/a>La fa\u00e7on dont votre propri\u00e9t\u00e9 est per\u00e7ue de l&rsquo;ext\u00e9rieur est tr\u00e8s importante. Un ext\u00e9rieur attrayant encourage l&rsquo;acheteur \u00e0 visiter l&rsquo;int\u00e9rieur. Votre parterre doit \u00eatre soign\u00e9 et, en hiver, gardez des photos \u00e0 port\u00e9e de main pour aider le visiteur \u00e0 visualiser l&rsquo;apparence de la cour en \u00e9t\u00e9. La propret\u00e9 est essentielle : une entr\u00e9e d\u00e9gag\u00e9e et des fen\u00eatres propres feront \u00e9galement toute la diff\u00e9rence.<\/p>\n<h2>L&rsquo;int\u00e9rieur<\/h2>\n<p><img loading=\"lazy\" decoding=\"async\" class=\" size-full wp-image-732 alignright\" src=\"\/files\/2012\/05\/Aspirateur.jpg\" alt=\"Aspirateur\" width=\"300\" height=\"300\" srcset=\"https:\/\/catherinedawe.com\/files\/2012\/05\/Aspirateur.jpg 300w, https:\/\/catherinedawe.com\/files\/2012\/05\/Aspirateur-150x150.jpg 150w, https:\/\/catherinedawe.com\/files\/2012\/05\/Aspirateur-80x80.jpg 80w\" sizes=\"auto, (max-width: 300px) 100vw, 300px\" \/>\u00c0 l&rsquo;int\u00e9rieur, la cl\u00e9 est la propret\u00e9. Faites le grand m\u00e9nage et d\u00e9barrassez-vous des objets inutiles. Enlevez les vieux meubles qui obstruent les passages ou encombrent les pi\u00e8ces. D\u00e9gagez l&rsquo;espace afin que les visiteurs ne se sentent pas \u00e0 l&rsquo;\u00e9troit.<\/p>\n<p>La peinture a-t-elle besoin d&rsquo;\u00eatre rafra\u00eechie? Une propri\u00e9t\u00e9 fra\u00eechement repeinte se vend souvent plus cher. Sachez aussi que les couleurs fonc\u00e9es ne favorisent pas la vente. Optez plut\u00f4t pour des tons clairs et lumineux. L&rsquo;\u00e9tat des tapis peut \u00e9galement \u00eatre un facteur d\u00e9terminant. \u00e0 d\u00e9faut de les remplacer, nettoyez-les pour leur donner un coup de jeunesse.<\/p>\n<p>La cuisine et la salle de bains doivent \u00eatre immacul\u00e9es. Prenez le temps de nettoyer les appareils m\u00e9nagers et la robinetterie, de m\u00eame que la baignoire, la toilette et le lavabo. D\u00e9gagez les comptoirs et ne laissez pas de vaisselle dans le lavabo ou de serviettes sur le bord de la baignoire. Laissez entrevoir \u00e0 l&rsquo;acheteur toutes les possibilit\u00e9s de rangement.<\/p>\n<p>Partout dans la maison, r\u00e9parez les robinets qui coulent, les poign\u00e9es d\u00e9fectueuses, les tiroirs ou portes d&rsquo;armoires qui ferment mal, etc. Remplacez les ampoules br\u00fbl\u00e9es et les plaques \u00e9lectriques jaunies. La plupart de ces petites r\u00e9parations sont relativement peu co\u00fbteuses et influenceront positivement l&rsquo;acheteur.<\/p>\n<h2>Cr\u00e9ez une atmosph\u00e8re<\/h2>\n<p><a href=\"\/files\/2012\/05\/Foyer.jpg\"><img loading=\"lazy\" decoding=\"async\" class=\"alignnone size-full wp-image-742\" src=\"\/files\/2012\/05\/Foyer.jpg\" alt=\"Foyer\" width=\"635\" height=\"190\" srcset=\"https:\/\/catherinedawe.com\/files\/2012\/05\/Foyer.jpg 635w, https:\/\/catherinedawe.com\/files\/2012\/05\/Foyer-300x90.jpg 300w\" sizes=\"auto, (max-width: 635px) 100vw, 635px\" \/><\/a><\/p>\n<p>Il est essentiel que votre maison soit bien \u00e9clair\u00e9e. Ouvrez les rideaux le jour et allumez les lampes le soir. Au besoin, ajoutez des lampes dans les coins sombres. Veillez \u00e0 ce que la maison soit bien a\u00e9r\u00e9e. Ne repoussez pas l&rsquo;acheteur avec des odeurs trop fortes, comme celles de l&rsquo;encens ou de mets \u00e9pic\u00e9s.<\/p>\n<p>Lors de la visite de l&rsquo;acheteur, soyez discret et laissez votre courtier seul avec le client. Il lui sera plus facile de mettre en valeur votre maison et le client se sentira plus libre de livrer ses commentaires.<\/p>\n<p>Tous ces conseils vous aideront \u00e0 faire bonne impression sur les acheteurs et \u00e0 maximiser vos chances de vendre rapidement votre maison!<\/p>\n<p>SOURCE: <a title=\"CENTRIS.CA\" href=\"http:\/\/www.centris.ca\" target=\"_blank\" rel=\"noopener\">CENTRIS.CA<\/a><\/p>","protected":false},"excerpt":{"rendered":"<p>Lorsque vient le temps de vendre votre propri\u00e9t\u00e9, vous n&rsquo;avez qu&rsquo;une seule chance de faire bonne impression. Pour vendre rapidement votre maison, il est important de tout mettre en \u0153uvre pour la rendre attrayante au premier coup d&rsquo;\u0153il pour les acheteurs potentiels. L&rsquo;ext\u00e9rieur La fa\u00e7on dont votre propri\u00e9t\u00e9 est per\u00e7ue de l&rsquo;ext\u00e9rieur est tr\u00e8s importante. [&hellip;]<\/p>\n","protected":false},"author":1,"featured_media":0,"parent":15,"menu_order":20,"comment_status":"open","ping_status":"closed","template":"","meta":{"_acf_changed":false,"footnotes":""},"class_list":["post-123","page","type-page","status-publish","hentry"],"acf":[],"yoast_head":"<!-- This site is optimized with the Yoast SEO plugin v26.7 - https:\/\/yoast.com\/wordpress\/plugins\/seo\/ -->\n<title>To Sell Your Home Quickly, Make a Good First Impression!<\/title>\n<meta name=\"description\" content=\"To sell your home quickly, it&#039;s important to do everything possible to make it appealing to potential buyers at first glance\" \/>\n<meta name=\"robots\" content=\"index, follow, max-snippet:-1, max-image-preview:large, max-video-preview:-1\" \/>\n<link rel=\"canonical\" href=\"https:\/\/catherinedawe.com\/vendre-2\/pour-vendre-rapidement-faites-bonne-impression\/\" \/>\n<meta property=\"og:locale\" content=\"fr_FR\" \/>\n<meta property=\"og:type\" content=\"article\" \/>\n<meta property=\"og:title\" content=\"To Sell Your Home Quickly, Make a Good First Impression!\" \/>\n<meta property=\"og:description\" content=\"To sell your home quickly, it&#039;s important to do everything possible to make it appealing to potential buyers at first glance\" \/>\n<meta property=\"og:url\" content=\"https:\/\/catherinedawe.com\/vendre-2\/pour-vendre-rapidement-faites-bonne-impression\/\" \/>\n<meta property=\"og:site_name\" content=\"Catherine Dawe\" \/>\n<meta property=\"article:publisher\" content=\"https:\/\/www.facebook.com\/MontrealRealEstateforSale\" \/>\n<meta property=\"article:modified_time\" content=\"2025-04-02T19:03:49+00:00\" \/>\n<meta property=\"og:image\" content=\"https:\/\/catherinedawe.com\/files\/2024\/03\/2.png\" \/>\n\t<meta property=\"og:image:width\" content=\"1200\" \/>\n\t<meta property=\"og:image:height\" content=\"630\" \/>\n\t<meta property=\"og:image:type\" content=\"image\/png\" \/>\n<meta name=\"twitter:card\" content=\"summary_large_image\" \/>\n<meta name=\"twitter:site\" content=\"@cdawemtl\" \/>\n<meta name=\"twitter:label1\" content=\"Dur\u00e9e de lecture estim\u00e9e\" \/>\n\t<meta name=\"twitter:data1\" content=\"3 minutes\" \/>\n<script type=\"application\/ld+json\" class=\"yoast-schema-graph\">{\"@context\":\"https:\/\/schema.org\",\"@graph\":[{\"@type\":\"WebPage\",\"@id\":\"https:\/\/catherinedawe.com\/vendre-2\/pour-vendre-rapidement-faites-bonne-impression\/\",\"url\":\"https:\/\/catherinedawe.com\/vendre-2\/pour-vendre-rapidement-faites-bonne-impression\/\",\"name\":\"To Sell Your Home Quickly, Make a Good First Impression!\",\"isPartOf\":{\"@id\":\"https:\/\/catherinedawe.com\/#website\"},\"datePublished\":\"2012-05-11T23:07:45+00:00\",\"dateModified\":\"2025-04-02T19:03:49+00:00\",\"description\":\"To sell your home quickly, it's important to do everything possible to make it appealing to potential buyers at first glance\",\"breadcrumb\":{\"@id\":\"https:\/\/catherinedawe.com\/vendre-2\/pour-vendre-rapidement-faites-bonne-impression\/#breadcrumb\"},\"inLanguage\":\"fr-FR\",\"potentialAction\":[{\"@type\":\"ReadAction\",\"target\":[\"https:\/\/catherinedawe.com\/vendre-2\/pour-vendre-rapidement-faites-bonne-impression\/\"]}]},{\"@type\":\"BreadcrumbList\",\"@id\":\"https:\/\/catherinedawe.com\/vendre-2\/pour-vendre-rapidement-faites-bonne-impression\/#breadcrumb\",\"itemListElement\":[{\"@type\":\"ListItem\",\"position\":1,\"name\":\"Accueil\",\"item\":\"https:\/\/catherinedawe.com\/fr\/\"},{\"@type\":\"ListItem\",\"position\":2,\"name\":\"Sell\",\"item\":\"https:\/\/catherinedawe.com\/vendre-2\/\"},{\"@type\":\"ListItem\",\"position\":3,\"name\":\"To Sell Your Home Quickly, Make a Good First Impression!\"}]},{\"@type\":\"WebSite\",\"@id\":\"https:\/\/catherinedawe.com\/#website\",\"url\":\"https:\/\/catherinedawe.com\/\",\"name\":\"Catherine Dawe\",\"description\":\"\",\"publisher\":{\"@id\":\"https:\/\/catherinedawe.com\/#organization\"},\"potentialAction\":[{\"@type\":\"SearchAction\",\"target\":{\"@type\":\"EntryPoint\",\"urlTemplate\":\"https:\/\/catherinedawe.com\/?s={search_term_string}\"},\"query-input\":{\"@type\":\"PropertyValueSpecification\",\"valueRequired\":true,\"valueName\":\"search_term_string\"}}],\"inLanguage\":\"fr-FR\"},{\"@type\":\"Organization\",\"@id\":\"https:\/\/catherinedawe.com\/#organization\",\"name\":\"Catherine Dawe Exp\u00e9rience Montreal Real Estate\",\"url\":\"https:\/\/catherinedawe.com\/\",\"logo\":{\"@type\":\"ImageObject\",\"inLanguage\":\"fr-FR\",\"@id\":\"https:\/\/catherinedawe.com\/#\/schema\/logo\/image\/\",\"url\":\"https:\/\/catherinedawe.com\/files\/2024\/03\/Catherine-Dawe-Experience-Favicon.png\",\"contentUrl\":\"https:\/\/catherinedawe.com\/files\/2024\/03\/Catherine-Dawe-Experience-Favicon.png\",\"width\":500,\"height\":500,\"caption\":\"Catherine Dawe Exp\u00e9rience Montreal Real Estate\"},\"image\":{\"@id\":\"https:\/\/catherinedawe.com\/#\/schema\/logo\/image\/\"},\"sameAs\":[\"https:\/\/www.facebook.com\/MontrealRealEstateforSale\",\"https:\/\/x.com\/cdawemtl\",\"https:\/\/www.instagram.com\/cdawemtl\/\",\"https:\/\/www.linkedin.com\/in\/catherinedawe\/\",\"https:\/\/www.youtube.com\/channel\/UCxhrvXE1R5Key2BcJBHecrw\"]}]}<\/script>\n<!-- \/ Yoast SEO plugin. -->","yoast_head_json":{"title":"To Sell Your Home Quickly, Make a Good First Impression!","description":"To sell your home quickly, it's important to do everything possible to make it appealing to potential buyers at first glance","robots":{"index":"index","follow":"follow","max-snippet":"max-snippet:-1","max-image-preview":"max-image-preview:large","max-video-preview":"max-video-preview:-1"},"canonical":"https:\/\/catherinedawe.com\/vendre-2\/pour-vendre-rapidement-faites-bonne-impression\/","og_locale":"fr_FR","og_type":"article","og_title":"To Sell Your Home Quickly, Make a Good First Impression!","og_description":"To sell your home quickly, it's important to do everything possible to make it appealing to potential buyers at first glance","og_url":"https:\/\/catherinedawe.com\/vendre-2\/pour-vendre-rapidement-faites-bonne-impression\/","og_site_name":"Catherine Dawe","article_publisher":"https:\/\/www.facebook.com\/MontrealRealEstateforSale","article_modified_time":"2025-04-02T19:03:49+00:00","og_image":[{"width":1200,"height":630,"url":"https:\/\/catherinedawe.com\/files\/2024\/03\/2.png","type":"image\/png"}],"twitter_card":"summary_large_image","twitter_site":"@cdawemtl","twitter_misc":{"Dur\u00e9e de lecture estim\u00e9e":"3 minutes"},"schema":{"@context":"https:\/\/schema.org","@graph":[{"@type":"WebPage","@id":"https:\/\/catherinedawe.com\/vendre-2\/pour-vendre-rapidement-faites-bonne-impression\/","url":"https:\/\/catherinedawe.com\/vendre-2\/pour-vendre-rapidement-faites-bonne-impression\/","name":"To Sell Your Home Quickly, Make a Good First Impression!","isPartOf":{"@id":"https:\/\/catherinedawe.com\/#website"},"datePublished":"2012-05-11T23:07:45+00:00","dateModified":"2025-04-02T19:03:49+00:00","description":"To sell your home quickly, it's important to do everything possible to make it appealing to potential buyers at first glance","breadcrumb":{"@id":"https:\/\/catherinedawe.com\/vendre-2\/pour-vendre-rapidement-faites-bonne-impression\/#breadcrumb"},"inLanguage":"fr-FR","potentialAction":[{"@type":"ReadAction","target":["https:\/\/catherinedawe.com\/vendre-2\/pour-vendre-rapidement-faites-bonne-impression\/"]}]},{"@type":"BreadcrumbList","@id":"https:\/\/catherinedawe.com\/vendre-2\/pour-vendre-rapidement-faites-bonne-impression\/#breadcrumb","itemListElement":[{"@type":"ListItem","position":1,"name":"Accueil","item":"https:\/\/catherinedawe.com\/fr\/"},{"@type":"ListItem","position":2,"name":"Sell","item":"https:\/\/catherinedawe.com\/vendre-2\/"},{"@type":"ListItem","position":3,"name":"To Sell Your Home Quickly, Make a Good First Impression!"}]},{"@type":"WebSite","@id":"https:\/\/catherinedawe.com\/#website","url":"https:\/\/catherinedawe.com\/","name":"Catherine Dawe","description":"","publisher":{"@id":"https:\/\/catherinedawe.com\/#organization"},"potentialAction":[{"@type":"SearchAction","target":{"@type":"EntryPoint","urlTemplate":"https:\/\/catherinedawe.com\/?s={search_term_string}"},"query-input":{"@type":"PropertyValueSpecification","valueRequired":true,"valueName":"search_term_string"}}],"inLanguage":"fr-FR"},{"@type":"Organization","@id":"https:\/\/catherinedawe.com\/#organization","name":"Catherine Dawe Exp\u00e9rience Montreal Real Estate","url":"https:\/\/catherinedawe.com\/","logo":{"@type":"ImageObject","inLanguage":"fr-FR","@id":"https:\/\/catherinedawe.com\/#\/schema\/logo\/image\/","url":"https:\/\/catherinedawe.com\/files\/2024\/03\/Catherine-Dawe-Experience-Favicon.png","contentUrl":"https:\/\/catherinedawe.com\/files\/2024\/03\/Catherine-Dawe-Experience-Favicon.png","width":500,"height":500,"caption":"Catherine Dawe Exp\u00e9rience Montreal Real Estate"},"image":{"@id":"https:\/\/catherinedawe.com\/#\/schema\/logo\/image\/"},"sameAs":["https:\/\/www.facebook.com\/MontrealRealEstateforSale","https:\/\/x.com\/cdawemtl","https:\/\/www.instagram.com\/cdawemtl\/","https:\/\/www.linkedin.com\/in\/catherinedawe\/","https:\/\/www.youtube.com\/channel\/UCxhrvXE1R5Key2BcJBHecrw"]}]}},"_links":{"self":[{"href":"https:\/\/catherinedawe.com\/fr\/wp-json\/wp\/v2\/pages\/123","targetHints":{"allow":["GET"]}}],"collection":[{"href":"https:\/\/catherinedawe.com\/fr\/wp-json\/wp\/v2\/pages"}],"about":[{"href":"https:\/\/catherinedawe.com\/fr\/wp-json\/wp\/v2\/types\/page"}],"author":[{"embeddable":true,"href":"https:\/\/catherinedawe.com\/fr\/wp-json\/wp\/v2\/users\/1"}],"replies":[{"embeddable":true,"href":"https:\/\/catherinedawe.com\/fr\/wp-json\/wp\/v2\/comments?post=123"}],"version-history":[{"count":2,"href":"https:\/\/catherinedawe.com\/fr\/wp-json\/wp\/v2\/pages\/123\/revisions"}],"predecessor-version":[{"id":2818,"href":"https:\/\/catherinedawe.com\/fr\/wp-json\/wp\/v2\/pages\/123\/revisions\/2818"}],"up":[{"embeddable":true,"href":"https:\/\/catherinedawe.com\/fr\/wp-json\/wp\/v2\/pages\/15"}],"wp:attachment":[{"href":"https:\/\/catherinedawe.com\/fr\/wp-json\/wp\/v2\/media?parent=123"}],"curies":[{"name":"wp","href":"https:\/\/api.w.org\/{rel}","templated":true}]}}