{"id":261,"date":"2012-05-28T14:42:59","date_gmt":"2012-05-28T18:42:59","guid":{"rendered":"http:\/\/aliquando.id-3.net\/?page_id=261"},"modified":"2016-04-12T09:51:17","modified_gmt":"2016-04-12T13:51:17","slug":"blogue","status":"publish","type":"page","link":"https:\/\/catherinedawe.com\/fr\/blogue\/","title":{"rendered":"BLOGUE"},"content":{"rendered":"","protected":false},"excerpt":{"rendered":"","protected":false},"author":1,"featured_media":0,"parent":0,"menu_order":60,"comment_status":"open","ping_status":"closed","template":"t_blogue.php","meta":{"_acf_changed":false,"footnotes":""},"class_list":["post-261","page","type-page","status-publish","hentry"],"acf":[],"yoast_head":"<!-- This site is optimized with the Yoast SEO plugin v26.7 - https:\/\/yoast.com\/wordpress\/plugins\/seo\/ -->\n<title>Quoi de neuf? Articles &amp; conseils | Catherine Dawe<\/title>\n<meta name=\"description\" content=\"D\u00e9couvrez les multiples articles de Catherine Dawe par rapport au march\u00e9 immobilier, qu&#039;il soit \u00e0 Montr\u00e9al ou \u00e0 l&#039;international.\" \/>\n<meta name=\"robots\" content=\"index, follow, max-snippet:-1, max-image-preview:large, max-video-preview:-1\" \/>\n<link rel=\"canonical\" href=\"https:\/\/catherinedawe.com\/blogue\/\" \/>\n<meta property=\"og:locale\" content=\"fr_FR\" \/>\n<meta property=\"og:type\" content=\"article\" \/>\n<meta property=\"og:title\" content=\"Quoi de neuf? Articles &amp; conseils | Catherine Dawe\" \/>\n<meta property=\"og:description\" content=\"D\u00e9couvrez les multiples articles de Catherine Dawe par rapport au march\u00e9 immobilier, qu&#039;il soit \u00e0 Montr\u00e9al ou \u00e0 l&#039;international.\" \/>\n<meta property=\"og:url\" content=\"https:\/\/catherinedawe.com\/blogue\/\" \/>\n<meta property=\"og:site_name\" content=\"Catherine Dawe\" \/>\n<meta property=\"article:publisher\" content=\"https:\/\/www.facebook.com\/MontrealRealEstateforSale\" \/>\n<meta property=\"article:modified_time\" content=\"2016-04-12T13:51:17+00:00\" \/>\n<meta property=\"og:image\" content=\"https:\/\/catherinedawe.com\/files\/2024\/03\/2.png\" \/>\n\t<meta property=\"og:image:width\" content=\"1200\" \/>\n\t<meta property=\"og:image:height\" content=\"630\" \/>\n\t<meta property=\"og:image:type\" content=\"image\/png\" \/>\n<meta name=\"twitter:card\" content=\"summary_large_image\" \/>\n<meta name=\"twitter:site\" content=\"@cdawemtl\" \/>\n<script type=\"application\/ld+json\" class=\"yoast-schema-graph\">{\"@context\":\"https:\/\/schema.org\",\"@graph\":[{\"@type\":\"WebPage\",\"@id\":\"https:\/\/catherinedawe.com\/blogue\/\",\"url\":\"https:\/\/catherinedawe.com\/blogue\/\",\"name\":\"Quoi de neuf? Articles & conseils | Catherine Dawe\",\"isPartOf\":{\"@id\":\"https:\/\/catherinedawe.com\/#website\"},\"datePublished\":\"2012-05-28T18:42:59+00:00\",\"dateModified\":\"2016-04-12T13:51:17+00:00\",\"description\":\"D\u00e9couvrez les multiples articles de Catherine Dawe par rapport au march\u00e9 immobilier, qu'il soit \u00e0 Montr\u00e9al ou \u00e0 l'international.\",\"breadcrumb\":{\"@id\":\"https:\/\/catherinedawe.com\/blogue\/#breadcrumb\"},\"inLanguage\":\"fr-FR\",\"potentialAction\":[{\"@type\":\"ReadAction\",\"target\":[\"https:\/\/catherinedawe.com\/blogue\/\"]}]},{\"@type\":\"BreadcrumbList\",\"@id\":\"https:\/\/catherinedawe.com\/blogue\/#breadcrumb\",\"itemListElement\":[{\"@type\":\"ListItem\",\"position\":1,\"name\":\"Accueil\",\"item\":\"https:\/\/catherinedawe.com\/fr\/\"},{\"@type\":\"ListItem\",\"position\":2,\"name\":\"BLOG\"}]},{\"@type\":\"WebSite\",\"@id\":\"https:\/\/catherinedawe.com\/#website\",\"url\":\"https:\/\/catherinedawe.com\/\",\"name\":\"Catherine Dawe\",\"description\":\"\",\"publisher\":{\"@id\":\"https:\/\/catherinedawe.com\/#organization\"},\"potentialAction\":[{\"@type\":\"SearchAction\",\"target\":{\"@type\":\"EntryPoint\",\"urlTemplate\":\"https:\/\/catherinedawe.com\/?s={search_term_string}\"},\"query-input\":{\"@type\":\"PropertyValueSpecification\",\"valueRequired\":true,\"valueName\":\"search_term_string\"}}],\"inLanguage\":\"fr-FR\"},{\"@type\":\"Organization\",\"@id\":\"https:\/\/catherinedawe.com\/#organization\",\"name\":\"Catherine Dawe Exp\u00e9rience Montreal Real Estate\",\"url\":\"https:\/\/catherinedawe.com\/\",\"logo\":{\"@type\":\"ImageObject\",\"inLanguage\":\"fr-FR\",\"@id\":\"https:\/\/catherinedawe.com\/#\/schema\/logo\/image\/\",\"url\":\"https:\/\/catherinedawe.com\/files\/2024\/03\/Catherine-Dawe-Experience-Favicon.png\",\"contentUrl\":\"https:\/\/catherinedawe.com\/files\/2024\/03\/Catherine-Dawe-Experience-Favicon.png\",\"width\":500,\"height\":500,\"caption\":\"Catherine Dawe Exp\u00e9rience Montreal Real Estate\"},\"image\":{\"@id\":\"https:\/\/catherinedawe.com\/#\/schema\/logo\/image\/\"},\"sameAs\":[\"https:\/\/www.facebook.com\/MontrealRealEstateforSale\",\"https:\/\/x.com\/cdawemtl\",\"https:\/\/www.instagram.com\/cdawemtl\/\",\"https:\/\/www.linkedin.com\/in\/catherinedawe\/\",\"https:\/\/www.youtube.com\/channel\/UCxhrvXE1R5Key2BcJBHecrw\"]}]}<\/script>\n<!-- \/ Yoast SEO plugin. -->","yoast_head_json":{"title":"Quoi de neuf? Articles & conseils | Catherine Dawe","description":"D\u00e9couvrez les multiples articles de Catherine Dawe par rapport au march\u00e9 immobilier, qu'il soit \u00e0 Montr\u00e9al ou \u00e0 l'international.","robots":{"index":"index","follow":"follow","max-snippet":"max-snippet:-1","max-image-preview":"max-image-preview:large","max-video-preview":"max-video-preview:-1"},"canonical":"https:\/\/catherinedawe.com\/blogue\/","og_locale":"fr_FR","og_type":"article","og_title":"Quoi de neuf? Articles & conseils | Catherine Dawe","og_description":"D\u00e9couvrez les multiples articles de Catherine Dawe par rapport au march\u00e9 immobilier, qu'il soit \u00e0 Montr\u00e9al ou \u00e0 l'international.","og_url":"https:\/\/catherinedawe.com\/blogue\/","og_site_name":"Catherine Dawe","article_publisher":"https:\/\/www.facebook.com\/MontrealRealEstateforSale","article_modified_time":"2016-04-12T13:51:17+00:00","og_image":[{"width":1200,"height":630,"url":"https:\/\/catherinedawe.com\/files\/2024\/03\/2.png","type":"image\/png"}],"twitter_card":"summary_large_image","twitter_site":"@cdawemtl","schema":{"@context":"https:\/\/schema.org","@graph":[{"@type":"WebPage","@id":"https:\/\/catherinedawe.com\/blogue\/","url":"https:\/\/catherinedawe.com\/blogue\/","name":"Quoi de neuf? Articles & conseils | Catherine Dawe","isPartOf":{"@id":"https:\/\/catherinedawe.com\/#website"},"datePublished":"2012-05-28T18:42:59+00:00","dateModified":"2016-04-12T13:51:17+00:00","description":"D\u00e9couvrez les multiples articles de Catherine Dawe par rapport au march\u00e9 immobilier, qu'il soit \u00e0 Montr\u00e9al ou \u00e0 l'international.","breadcrumb":{"@id":"https:\/\/catherinedawe.com\/blogue\/#breadcrumb"},"inLanguage":"fr-FR","potentialAction":[{"@type":"ReadAction","target":["https:\/\/catherinedawe.com\/blogue\/"]}]},{"@type":"BreadcrumbList","@id":"https:\/\/catherinedawe.com\/blogue\/#breadcrumb","itemListElement":[{"@type":"ListItem","position":1,"name":"Accueil","item":"https:\/\/catherinedawe.com\/fr\/"},{"@type":"ListItem","position":2,"name":"BLOG"}]},{"@type":"WebSite","@id":"https:\/\/catherinedawe.com\/#website","url":"https:\/\/catherinedawe.com\/","name":"Catherine Dawe","description":"","publisher":{"@id":"https:\/\/catherinedawe.com\/#organization"},"potentialAction":[{"@type":"SearchAction","target":{"@type":"EntryPoint","urlTemplate":"https:\/\/catherinedawe.com\/?s={search_term_string}"},"query-input":{"@type":"PropertyValueSpecification","valueRequired":true,"valueName":"search_term_string"}}],"inLanguage":"fr-FR"},{"@type":"Organization","@id":"https:\/\/catherinedawe.com\/#organization","name":"Catherine Dawe Exp\u00e9rience Montreal Real Estate","url":"https:\/\/catherinedawe.com\/","logo":{"@type":"ImageObject","inLanguage":"fr-FR","@id":"https:\/\/catherinedawe.com\/#\/schema\/logo\/image\/","url":"https:\/\/catherinedawe.com\/files\/2024\/03\/Catherine-Dawe-Experience-Favicon.png","contentUrl":"https:\/\/catherinedawe.com\/files\/2024\/03\/Catherine-Dawe-Experience-Favicon.png","width":500,"height":500,"caption":"Catherine Dawe Exp\u00e9rience Montreal Real Estate"},"image":{"@id":"https:\/\/catherinedawe.com\/#\/schema\/logo\/image\/"},"sameAs":["https:\/\/www.facebook.com\/MontrealRealEstateforSale","https:\/\/x.com\/cdawemtl","https:\/\/www.instagram.com\/cdawemtl\/","https:\/\/www.linkedin.com\/in\/catherinedawe\/","https:\/\/www.youtube.com\/channel\/UCxhrvXE1R5Key2BcJBHecrw"]}]}},"_links":{"self":[{"href":"https:\/\/catherinedawe.com\/fr\/wp-json\/wp\/v2\/pages\/261","targetHints":{"allow":["GET"]}}],"collection":[{"href":"https:\/\/catherinedawe.com\/fr\/wp-json\/wp\/v2\/pages"}],"about":[{"href":"https:\/\/catherinedawe.com\/fr\/wp-json\/wp\/v2\/types\/page"}],"author":[{"embeddable":true,"href":"https:\/\/catherinedawe.com\/fr\/wp-json\/wp\/v2\/users\/1"}],"replies":[{"embeddable":true,"href":"https:\/\/catherinedawe.com\/fr\/wp-json\/wp\/v2\/comments?post=261"}],"version-history":[{"count":0,"href":"https:\/\/catherinedawe.com\/fr\/wp-json\/wp\/v2\/pages\/261\/revisions"}],"wp:attachment":[{"href":"https:\/\/catherinedawe.com\/fr\/wp-json\/wp\/v2\/media?parent=261"}],"curies":[{"name":"wp","href":"https:\/\/api.w.org\/{rel}","templated":true}]}}