{"id":462,"date":"2015-01-23T14:51:26","date_gmt":"2015-01-23T19:51:26","guid":{"rendered":"http:\/\/dawe.b.aliquando.immo\/?page_id=462"},"modified":"2025-03-21T15:12:13","modified_gmt":"2025-03-21T19:12:13","slug":"about-catherine","status":"publish","type":"page","link":"https:\/\/catherinedawe.com\/fr\/about-catherine\/","title":{"rendered":"\u00c0 propos de Catherine"},"content":{"rendered":"<p><div class='span50 align-left   text-align-left' style='color:'><\/p>\n<h2>PROFITEZ D&rsquo;UNE EXP\u00c9RIENCE RICHE ET UNIQUE AVEC CATHERINE DAWE, COURTIER IMMOBILIER \u00c0 MONTR\u00c9AL<\/h2>\n<p>Catherine a choisi le march\u00e9 immobilier apr\u00e8s une belle carri\u00e8re dans le cin\u00e9ma et la publicit\u00e9. Lorsqu\u2019elle \u00e9tait r\u00e9gisseuse g\u00e9n\u00e9rale pour d\u2019importants projets am\u00e9ricains et internationaux, Catherine a d\u00e9velopp\u00e9 la capacit\u00e9 de sentir ce que ses clients, concepteurs et producteurs, cherchaient \u00e0 cr\u00e9er. Son flair pour d\u00e9nicher les endroits de leurs r\u00eaves et sa finesse pour n\u00e9gocier les ententes ont fait de Catherine un atout tr\u00e8s pris\u00e9 au sein des \u00e9quipes de production.<\/p>\n<p>En 2001, Catherine a d\u00e9cid\u00e9 de se sp\u00e9cialiser dans la location d\u2019appartements haut-de-gamme pour les \u00e9quipes de tournage \u00e9trang\u00e8res et la client\u00e8le d\u2019affaires locale.\u00a0 Son r\u00e9seau de contacts, sa discr\u00e9tion sans faille et son professionnalisme exceptionnel ont su combler les grandes pointures comme Martin Scorcese et Cate Blanchett, entre autres.<\/p>\n<p>Catherine a obtenu son permis d\u2019agent immobilier en 2005 et d\u00e9tient le titre de courtier immobilier agr\u00e9\u00e9 depuis 2009. Avec le souci d\u2019aller toujours plus loin, elle et ses coll\u00e8gues cherchent constamment \u00e0 approfondir leurs connaissances de l&rsquo;immobilier afin d\u2019offrir un service impeccable.<\/p>\n<p>Catherine et son \u00e9quipe ont cette capacit\u00e9 d\u2019humaniser la transaction immobili\u00e8re qui fait que l\u2019achat ou la vente d\u2019une r\u00e9sidence se passe facilement et en toute s\u00e9r\u00e9nit\u00e9. Quand on fait la connaissance de Catherine ou d\u2019un de ses coll\u00e8gues, on comprend trois choses clairement\u00a0: leur int\u00e9grit\u00e9 sans faille, leur grand niveau de comp\u00e9tence et leur passion pour les gens!<\/p>\n<p><\/div><\/p>\n<div class='span50 align-left   text-align-left' style='color:'>\n<h2><img loading=\"lazy\" decoding=\"async\" class=\"alignnone size-full wp-image-842\" src=\"\/files\/2018\/02\/catherineDawe_profil.jpg\" alt=\"Catherine Dawe\" width=\"419\" height=\"242\" \/><\/h2>\n<h2>ALERTE IMMOBILI\u00c8RE<\/h2>\n<p>Nous serions ravis de trouver avec vous la maison id\u00e9ale!<\/p>\n<p>Dites-nous ce que vous cherchez et vous recevrez une liste courriel des propri\u00e9t\u00e9s qui refl\u00e8tent vos pr\u00e9f\u00e9rences.<br \/>\nSans aucune obligation!<\/p>\n<p><a href=\"\/outils\/alerte-immobiliere\/\"><img loading=\"lazy\" decoding=\"async\" class=\"aligncenter wp-image-718 size-full\" src=\"http:\/\/dawe.b.aliquando.immo\/files\/2015\/01\/MarketAlert_CTA_Fr.png\" alt=\"MarketAlert_CTA_Fr\" width=\"232\" height=\"211\" \/><\/a><\/p>\n<p><\/div><\/p>","protected":false},"excerpt":{"rendered":"","protected":false},"author":121,"featured_media":0,"parent":0,"menu_order":0,"comment_status":"open","ping_status":"open","template":"page-fullwidth.php","meta":{"_acf_changed":false,"footnotes":""},"class_list":["post-462","page","type-page","status-publish","hentry"],"acf":[],"yoast_head":"<!-- This site is optimized with the Yoast SEO plugin v26.7 - https:\/\/yoast.com\/wordpress\/plugins\/seo\/ -->\n<title>About Catherine Dawe | Real Estate Broker in Montreal<\/title>\n<meta name=\"description\" content=\"Catherine Dawe, real estate broker in Montreal, accompanies you in your real estate transactions with a human and personalized touch.\" \/>\n<meta name=\"robots\" content=\"index, follow, max-snippet:-1, max-image-preview:large, max-video-preview:-1\" \/>\n<link rel=\"canonical\" href=\"https:\/\/catherinedawe.com\/about-catherine\/\" \/>\n<meta property=\"og:locale\" content=\"fr_FR\" \/>\n<meta property=\"og:type\" content=\"article\" \/>\n<meta property=\"og:title\" content=\"About Catherine Dawe | Real Estate Broker in Montreal\" \/>\n<meta property=\"og:description\" content=\"Catherine Dawe, real estate broker in Montreal, accompanies you in your real estate transactions with a human and personalized touch.\" \/>\n<meta property=\"og:url\" content=\"https:\/\/catherinedawe.com\/about-catherine\/\" \/>\n<meta property=\"og:site_name\" content=\"Catherine Dawe\" \/>\n<meta property=\"article:publisher\" content=\"https:\/\/www.facebook.com\/MontrealRealEstateforSale\" \/>\n<meta property=\"article:modified_time\" content=\"2025-03-21T19:12:13+00:00\" \/>\n<meta property=\"og:image\" content=\"http:\/\/dawe.b.aliquando.immo\/files\/2015\/01\/MarketAlert_CTA_Fr.png\" \/>\n<meta name=\"twitter:card\" content=\"summary_large_image\" \/>\n<meta name=\"twitter:site\" content=\"@cdawemtl\" \/>\n<meta name=\"twitter:label1\" content=\"Dur\u00e9e de lecture estim\u00e9e\" \/>\n\t<meta name=\"twitter:data1\" content=\"2 minutes\" \/>\n<script type=\"application\/ld+json\" class=\"yoast-schema-graph\">{\"@context\":\"https:\/\/schema.org\",\"@graph\":[{\"@type\":\"WebPage\",\"@id\":\"https:\/\/catherinedawe.com\/about-catherine\/\",\"url\":\"https:\/\/catherinedawe.com\/about-catherine\/\",\"name\":\"About Catherine Dawe | Real Estate Broker in Montreal\",\"isPartOf\":{\"@id\":\"https:\/\/catherinedawe.com\/#website\"},\"primaryImageOfPage\":{\"@id\":\"https:\/\/catherinedawe.com\/about-catherine\/#primaryimage\"},\"image\":{\"@id\":\"https:\/\/catherinedawe.com\/about-catherine\/#primaryimage\"},\"thumbnailUrl\":\"http:\/\/dawe.b.aliquando.immo\/files\/2015\/01\/MarketAlert_CTA_Fr.png\",\"datePublished\":\"2015-01-23T19:51:26+00:00\",\"dateModified\":\"2025-03-21T19:12:13+00:00\",\"description\":\"Catherine Dawe, real estate broker in Montreal, accompanies you in your real estate transactions with a human and personalized touch.\",\"breadcrumb\":{\"@id\":\"https:\/\/catherinedawe.com\/about-catherine\/#breadcrumb\"},\"inLanguage\":\"fr-FR\",\"potentialAction\":[{\"@type\":\"ReadAction\",\"target\":[\"https:\/\/catherinedawe.com\/about-catherine\/\"]}]},{\"@type\":\"ImageObject\",\"inLanguage\":\"fr-FR\",\"@id\":\"https:\/\/catherinedawe.com\/about-catherine\/#primaryimage\",\"url\":\"http:\/\/dawe.b.aliquando.immo\/files\/2015\/01\/MarketAlert_CTA_Fr.png\",\"contentUrl\":\"http:\/\/dawe.b.aliquando.immo\/files\/2015\/01\/MarketAlert_CTA_Fr.png\"},{\"@type\":\"BreadcrumbList\",\"@id\":\"https:\/\/catherinedawe.com\/about-catherine\/#breadcrumb\",\"itemListElement\":[{\"@type\":\"ListItem\",\"position\":1,\"name\":\"Accueil\",\"item\":\"https:\/\/catherinedawe.com\/fr\/\"},{\"@type\":\"ListItem\",\"position\":2,\"name\":\"About Catherine\"}]},{\"@type\":\"WebSite\",\"@id\":\"https:\/\/catherinedawe.com\/#website\",\"url\":\"https:\/\/catherinedawe.com\/\",\"name\":\"Catherine Dawe\",\"description\":\"\",\"publisher\":{\"@id\":\"https:\/\/catherinedawe.com\/#organization\"},\"potentialAction\":[{\"@type\":\"SearchAction\",\"target\":{\"@type\":\"EntryPoint\",\"urlTemplate\":\"https:\/\/catherinedawe.com\/?s={search_term_string}\"},\"query-input\":{\"@type\":\"PropertyValueSpecification\",\"valueRequired\":true,\"valueName\":\"search_term_string\"}}],\"inLanguage\":\"fr-FR\"},{\"@type\":\"Organization\",\"@id\":\"https:\/\/catherinedawe.com\/#organization\",\"name\":\"Catherine Dawe Exp\u00e9rience Montreal Real Estate\",\"url\":\"https:\/\/catherinedawe.com\/\",\"logo\":{\"@type\":\"ImageObject\",\"inLanguage\":\"fr-FR\",\"@id\":\"https:\/\/catherinedawe.com\/#\/schema\/logo\/image\/\",\"url\":\"https:\/\/catherinedawe.com\/files\/2024\/03\/Catherine-Dawe-Experience-Favicon.png\",\"contentUrl\":\"https:\/\/catherinedawe.com\/files\/2024\/03\/Catherine-Dawe-Experience-Favicon.png\",\"width\":500,\"height\":500,\"caption\":\"Catherine Dawe Exp\u00e9rience Montreal Real Estate\"},\"image\":{\"@id\":\"https:\/\/catherinedawe.com\/#\/schema\/logo\/image\/\"},\"sameAs\":[\"https:\/\/www.facebook.com\/MontrealRealEstateforSale\",\"https:\/\/x.com\/cdawemtl\",\"https:\/\/www.instagram.com\/cdawemtl\/\",\"https:\/\/www.linkedin.com\/in\/catherinedawe\/\",\"https:\/\/www.youtube.com\/channel\/UCxhrvXE1R5Key2BcJBHecrw\"]}]}<\/script>\n<!-- \/ Yoast SEO plugin. -->","yoast_head_json":{"title":"About Catherine Dawe | Real Estate Broker in Montreal","description":"Catherine Dawe, real estate broker in Montreal, accompanies you in your real estate transactions with a human and personalized touch.","robots":{"index":"index","follow":"follow","max-snippet":"max-snippet:-1","max-image-preview":"max-image-preview:large","max-video-preview":"max-video-preview:-1"},"canonical":"https:\/\/catherinedawe.com\/about-catherine\/","og_locale":"fr_FR","og_type":"article","og_title":"About Catherine Dawe | Real Estate Broker in Montreal","og_description":"Catherine Dawe, real estate broker in Montreal, accompanies you in your real estate transactions with a human and personalized touch.","og_url":"https:\/\/catherinedawe.com\/about-catherine\/","og_site_name":"Catherine Dawe","article_publisher":"https:\/\/www.facebook.com\/MontrealRealEstateforSale","article_modified_time":"2025-03-21T19:12:13+00:00","og_image":[{"url":"http:\/\/dawe.b.aliquando.immo\/files\/2015\/01\/MarketAlert_CTA_Fr.png","type":"","width":"","height":""}],"twitter_card":"summary_large_image","twitter_site":"@cdawemtl","twitter_misc":{"Dur\u00e9e de lecture estim\u00e9e":"2 minutes"},"schema":{"@context":"https:\/\/schema.org","@graph":[{"@type":"WebPage","@id":"https:\/\/catherinedawe.com\/about-catherine\/","url":"https:\/\/catherinedawe.com\/about-catherine\/","name":"About Catherine Dawe | Real Estate Broker in Montreal","isPartOf":{"@id":"https:\/\/catherinedawe.com\/#website"},"primaryImageOfPage":{"@id":"https:\/\/catherinedawe.com\/about-catherine\/#primaryimage"},"image":{"@id":"https:\/\/catherinedawe.com\/about-catherine\/#primaryimage"},"thumbnailUrl":"http:\/\/dawe.b.aliquando.immo\/files\/2015\/01\/MarketAlert_CTA_Fr.png","datePublished":"2015-01-23T19:51:26+00:00","dateModified":"2025-03-21T19:12:13+00:00","description":"Catherine Dawe, real estate broker in Montreal, accompanies you in your real estate transactions with a human and personalized touch.","breadcrumb":{"@id":"https:\/\/catherinedawe.com\/about-catherine\/#breadcrumb"},"inLanguage":"fr-FR","potentialAction":[{"@type":"ReadAction","target":["https:\/\/catherinedawe.com\/about-catherine\/"]}]},{"@type":"ImageObject","inLanguage":"fr-FR","@id":"https:\/\/catherinedawe.com\/about-catherine\/#primaryimage","url":"http:\/\/dawe.b.aliquando.immo\/files\/2015\/01\/MarketAlert_CTA_Fr.png","contentUrl":"http:\/\/dawe.b.aliquando.immo\/files\/2015\/01\/MarketAlert_CTA_Fr.png"},{"@type":"BreadcrumbList","@id":"https:\/\/catherinedawe.com\/about-catherine\/#breadcrumb","itemListElement":[{"@type":"ListItem","position":1,"name":"Accueil","item":"https:\/\/catherinedawe.com\/fr\/"},{"@type":"ListItem","position":2,"name":"About Catherine"}]},{"@type":"WebSite","@id":"https:\/\/catherinedawe.com\/#website","url":"https:\/\/catherinedawe.com\/","name":"Catherine Dawe","description":"","publisher":{"@id":"https:\/\/catherinedawe.com\/#organization"},"potentialAction":[{"@type":"SearchAction","target":{"@type":"EntryPoint","urlTemplate":"https:\/\/catherinedawe.com\/?s={search_term_string}"},"query-input":{"@type":"PropertyValueSpecification","valueRequired":true,"valueName":"search_term_string"}}],"inLanguage":"fr-FR"},{"@type":"Organization","@id":"https:\/\/catherinedawe.com\/#organization","name":"Catherine Dawe Exp\u00e9rience Montreal Real Estate","url":"https:\/\/catherinedawe.com\/","logo":{"@type":"ImageObject","inLanguage":"fr-FR","@id":"https:\/\/catherinedawe.com\/#\/schema\/logo\/image\/","url":"https:\/\/catherinedawe.com\/files\/2024\/03\/Catherine-Dawe-Experience-Favicon.png","contentUrl":"https:\/\/catherinedawe.com\/files\/2024\/03\/Catherine-Dawe-Experience-Favicon.png","width":500,"height":500,"caption":"Catherine Dawe Exp\u00e9rience Montreal Real Estate"},"image":{"@id":"https:\/\/catherinedawe.com\/#\/schema\/logo\/image\/"},"sameAs":["https:\/\/www.facebook.com\/MontrealRealEstateforSale","https:\/\/x.com\/cdawemtl","https:\/\/www.instagram.com\/cdawemtl\/","https:\/\/www.linkedin.com\/in\/catherinedawe\/","https:\/\/www.youtube.com\/channel\/UCxhrvXE1R5Key2BcJBHecrw"]}]}},"_links":{"self":[{"href":"https:\/\/catherinedawe.com\/fr\/wp-json\/wp\/v2\/pages\/462","targetHints":{"allow":["GET"]}}],"collection":[{"href":"https:\/\/catherinedawe.com\/fr\/wp-json\/wp\/v2\/pages"}],"about":[{"href":"https:\/\/catherinedawe.com\/fr\/wp-json\/wp\/v2\/types\/page"}],"author":[{"embeddable":true,"href":"https:\/\/catherinedawe.com\/fr\/wp-json\/wp\/v2\/users\/121"}],"replies":[{"embeddable":true,"href":"https:\/\/catherinedawe.com\/fr\/wp-json\/wp\/v2\/comments?post=462"}],"version-history":[{"count":2,"href":"https:\/\/catherinedawe.com\/fr\/wp-json\/wp\/v2\/pages\/462\/revisions"}],"predecessor-version":[{"id":2732,"href":"https:\/\/catherinedawe.com\/fr\/wp-json\/wp\/v2\/pages\/462\/revisions\/2732"}],"wp:attachment":[{"href":"https:\/\/catherinedawe.com\/fr\/wp-json\/wp\/v2\/media?parent=462"}],"curies":[{"name":"wp","href":"https:\/\/api.w.org\/{rel}","templated":true}]}}