{"id":706,"date":"2015-06-17T10:14:11","date_gmt":"2015-06-17T14:14:11","guid":{"rendered":"http:\/\/dawe.b.aliquando.immo\/?page_id=706"},"modified":"2025-04-02T13:40:13","modified_gmt":"2025-04-02T17:40:13","slug":"vous-cherchez-une-maison","status":"publish","type":"page","link":"https:\/\/catherinedawe.com\/fr\/acheter-2\/vous-cherchez-une-maison\/","title":{"rendered":"Vous cherchez une maison ?"},"content":{"rendered":"<p><\/p>\n<h2>Trouver la maison id\u00e9ale peut s\u2019av\u00e9rer un processus long et p\u00e9nible. C\u2019est pourquoi je vous aide \u00e0 explorer vos options et \u00e0 faire le meilleur choix. Il suffit de m\u2019appeler et on parlera maisons. Sans pression ni baratin, je vous dirai en toute franchise ce qui sert VOS int\u00e9r\u00eats!<\/h2>\n<p><img loading=\"lazy\" decoding=\"async\" class=\" size-full wp-image-814 alignleft\" src=\"\/files\/2015\/06\/Target.jpg\" alt=\"Target\" width=\"300\" height=\"300\" srcset=\"https:\/\/catherinedawe.com\/files\/2015\/06\/Target.jpg 300w, https:\/\/catherinedawe.com\/files\/2015\/06\/Target-150x150.jpg 150w, https:\/\/catherinedawe.com\/files\/2015\/06\/Target-80x80.jpg 80w\" sizes=\"auto, (max-width: 300px) 100vw, 300px\" \/>L\u2019achat d\u2019une maison est un processus tr\u00e8s complexe, qui demande du temps et de l\u2019argent.En plus d\u2019avoir \u00e0 soupeser les aspects commerciaux, financiers et juridiques de la transaction, il faut savoir n\u00e9gocier efficacement. Les courtiers immobiliers sont justement l\u00e0 pour \u00e7a. En faisant affaire avec un courtier membre d&rsquo;une chambre immobili\u00e8re, vous avez la certitude de franchir toutes ces \u00e9tapes avec succ\u00e8s.<\/p>\n<h3>Une formation reconnue<\/h3>\n<p>Comme courti\u00e8re immobili\u00e8re agr\u00e9\u00e9e, je d\u00e9tiens une solide formation et un certificat de <a href=\"http:\/\/www.oaciq.com\/?uc=0\" target=\"_BLANK\" rel=\"noopener\">l\u2019Organisme d\u2019autor\u00e9glementation du courtage immobilier du Qu\u00e9bec (OACIQ)<\/a>, et je mets \u00e0 votre disposition mes ann\u00e9es d\u2019exp\u00e9rience dans le domaine. \u00c0 travers mon solide r\u00e9seau de contacts professionnels, vous aurez acc\u00e8s aux nombreux outils et conseils d\u2019experts qui rendront cette exp\u00e9rience plus efficace et sereine. Je serai votre guichet unique \u00e0 toutes les \u00e9tapes, de l\u2019inspection du b\u00e2timent \u00e0 l\u2019acte notari\u00e9, en passant par l\u2019approbation financi\u00e8re et l\u2019hypoth\u00e8que. Et ma pr\u00e9sence vous garantit la <a href=\"https:\/\/catherinedawe.com\/fr\/acheter-2\/avec-un-courtier-immobilier-vous-etes-bien-protege\/\" target=\"_blank\" rel=\"noopener\">protection l\u00e9gale<\/a> stipul\u00e9e dans la Loi sur le courtage immobilier!<\/p>\n<h3>Un bon travail d\u2019\u00e9quipe<\/h3>\n<p>Quand vous cherchez une propri\u00e9t\u00e9, nous mettons \u00e0 profit la puissance du syst\u00e8me MLS\u00ae pour cibler celles qui vous conviennent. Nous vous accompagnons ensuite lors des visites afin d\u2019analyser, en toute objectivit\u00e9, les caract\u00e9ristiques de chaque propri\u00e9t\u00e9 choisie, puis nous repr\u00e9sentons vos int\u00e9r\u00eats au moment de n\u00e9gocier l\u2019achat. Nous vous accompagnons donc \u00e0 toutes les \u00e9tapes de l\u2019achat d\u2019une propri\u00e9t\u00e9, jusqu\u2019\u00e0 la signature chez le notaire !<\/p>\n<p>Mais nos services ne s\u2019arr\u00eatent pas l\u00e0. Notre \u00e9quipe communique avec vous quelques semaines apr\u00e8s votre d\u00e9m\u00e9nagement, puis ponctuellement, pour nous assurer que tout va bien.<\/p>\n<p>Toute question m\u00e9rite d\u2019\u00eatre pos\u00e9e, et je me ferai toujours un plaisir d\u2019y r\u00e9pondre.<\/p>","protected":false},"excerpt":{"rendered":"<p>Trouver la maison id\u00e9ale peut s\u2019av\u00e9rer un processus long et p\u00e9nible. C\u2019est pourquoi je vous aide \u00e0 explorer vos options et \u00e0 faire le meilleur choix. Il suffit de m\u2019appeler et on parlera maisons. Sans pression ni baratin, je vous dirai en toute franchise ce qui sert VOS int\u00e9r\u00eats! L\u2019achat d\u2019une maison est un processus [&hellip;]<\/p>\n","protected":false},"author":121,"featured_media":0,"parent":7,"menu_order":50,"comment_status":"open","ping_status":"open","template":"","meta":{"_acf_changed":false,"footnotes":""},"class_list":["post-706","page","type-page","status-publish","hentry"],"acf":[],"yoast_head":"<!-- This site is optimized with the Yoast SEO plugin v26.7 - https:\/\/yoast.com\/wordpress\/plugins\/seo\/ -->\n<title>Looking for a Home? I\u2019m Here to Help with Finding the Right Property<\/title>\n<meta name=\"description\" content=\"Finding the right property can be difficult and time-consuming.\u00a0I&#039;m here to help you explore the options and make a well-informed choice.\" \/>\n<meta name=\"robots\" content=\"index, follow, max-snippet:-1, max-image-preview:large, max-video-preview:-1\" \/>\n<link rel=\"canonical\" href=\"https:\/\/catherinedawe.com\/acheter-2\/vous-cherchez-une-maison\/\" \/>\n<meta property=\"og:locale\" content=\"fr_FR\" \/>\n<meta property=\"og:type\" content=\"article\" \/>\n<meta property=\"og:title\" content=\"Looking for a Home? I\u2019m Here to Help with Finding the Right Property\" \/>\n<meta property=\"og:description\" content=\"Finding the right property can be difficult and time-consuming.\u00a0I&#039;m here to help you explore the options and make a well-informed choice.\" \/>\n<meta property=\"og:url\" content=\"https:\/\/catherinedawe.com\/acheter-2\/vous-cherchez-une-maison\/\" \/>\n<meta property=\"og:site_name\" content=\"Catherine Dawe\" \/>\n<meta property=\"article:publisher\" content=\"https:\/\/www.facebook.com\/MontrealRealEstateforSale\" \/>\n<meta property=\"article:modified_time\" content=\"2025-04-02T17:40:13+00:00\" \/>\n<meta property=\"og:image\" content=\"https:\/\/catherinedawe.com\/files\/2024\/03\/2.png\" \/>\n\t<meta property=\"og:image:width\" content=\"1200\" \/>\n\t<meta property=\"og:image:height\" content=\"630\" \/>\n\t<meta property=\"og:image:type\" content=\"image\/png\" \/>\n<meta name=\"twitter:card\" content=\"summary_large_image\" \/>\n<meta name=\"twitter:site\" content=\"@cdawemtl\" \/>\n<meta name=\"twitter:label1\" content=\"Dur\u00e9e de lecture estim\u00e9e\" \/>\n\t<meta name=\"twitter:data1\" content=\"2 minutes\" \/>\n<script type=\"application\/ld+json\" class=\"yoast-schema-graph\">{\"@context\":\"https:\/\/schema.org\",\"@graph\":[{\"@type\":\"WebPage\",\"@id\":\"https:\/\/catherinedawe.com\/acheter-2\/vous-cherchez-une-maison\/\",\"url\":\"https:\/\/catherinedawe.com\/acheter-2\/vous-cherchez-une-maison\/\",\"name\":\"Looking for a Home? I\u2019m Here to Help with Finding the Right Property\",\"isPartOf\":{\"@id\":\"https:\/\/catherinedawe.com\/#website\"},\"datePublished\":\"2015-06-17T14:14:11+00:00\",\"dateModified\":\"2025-04-02T17:40:13+00:00\",\"description\":\"Finding the right property can be difficult and time-consuming.\u00a0I'm here to help you explore the options and make a well-informed choice.\",\"breadcrumb\":{\"@id\":\"https:\/\/catherinedawe.com\/acheter-2\/vous-cherchez-une-maison\/#breadcrumb\"},\"inLanguage\":\"fr-FR\",\"potentialAction\":[{\"@type\":\"ReadAction\",\"target\":[\"https:\/\/catherinedawe.com\/acheter-2\/vous-cherchez-une-maison\/\"]}]},{\"@type\":\"BreadcrumbList\",\"@id\":\"https:\/\/catherinedawe.com\/acheter-2\/vous-cherchez-une-maison\/#breadcrumb\",\"itemListElement\":[{\"@type\":\"ListItem\",\"position\":1,\"name\":\"Accueil\",\"item\":\"https:\/\/catherinedawe.com\/fr\/\"},{\"@type\":\"ListItem\",\"position\":2,\"name\":\"Buy\",\"item\":\"https:\/\/catherinedawe.com\/acheter-2\/\"},{\"@type\":\"ListItem\",\"position\":3,\"name\":\"Looking for a home?\"}]},{\"@type\":\"WebSite\",\"@id\":\"https:\/\/catherinedawe.com\/#website\",\"url\":\"https:\/\/catherinedawe.com\/\",\"name\":\"Catherine Dawe\",\"description\":\"\",\"publisher\":{\"@id\":\"https:\/\/catherinedawe.com\/#organization\"},\"potentialAction\":[{\"@type\":\"SearchAction\",\"target\":{\"@type\":\"EntryPoint\",\"urlTemplate\":\"https:\/\/catherinedawe.com\/?s={search_term_string}\"},\"query-input\":{\"@type\":\"PropertyValueSpecification\",\"valueRequired\":true,\"valueName\":\"search_term_string\"}}],\"inLanguage\":\"fr-FR\"},{\"@type\":\"Organization\",\"@id\":\"https:\/\/catherinedawe.com\/#organization\",\"name\":\"Catherine Dawe Exp\u00e9rience Montreal Real Estate\",\"url\":\"https:\/\/catherinedawe.com\/\",\"logo\":{\"@type\":\"ImageObject\",\"inLanguage\":\"fr-FR\",\"@id\":\"https:\/\/catherinedawe.com\/#\/schema\/logo\/image\/\",\"url\":\"https:\/\/catherinedawe.com\/files\/2024\/03\/Catherine-Dawe-Experience-Favicon.png\",\"contentUrl\":\"https:\/\/catherinedawe.com\/files\/2024\/03\/Catherine-Dawe-Experience-Favicon.png\",\"width\":500,\"height\":500,\"caption\":\"Catherine Dawe Exp\u00e9rience Montreal Real Estate\"},\"image\":{\"@id\":\"https:\/\/catherinedawe.com\/#\/schema\/logo\/image\/\"},\"sameAs\":[\"https:\/\/www.facebook.com\/MontrealRealEstateforSale\",\"https:\/\/x.com\/cdawemtl\",\"https:\/\/www.instagram.com\/cdawemtl\/\",\"https:\/\/www.linkedin.com\/in\/catherinedawe\/\",\"https:\/\/www.youtube.com\/channel\/UCxhrvXE1R5Key2BcJBHecrw\"]}]}<\/script>\n<!-- \/ Yoast SEO plugin. -->","yoast_head_json":{"title":"Looking for a Home? I\u2019m Here to Help with Finding the Right Property","description":"Finding the right property can be difficult and time-consuming.\u00a0I'm here to help you explore the options and make a well-informed choice.","robots":{"index":"index","follow":"follow","max-snippet":"max-snippet:-1","max-image-preview":"max-image-preview:large","max-video-preview":"max-video-preview:-1"},"canonical":"https:\/\/catherinedawe.com\/acheter-2\/vous-cherchez-une-maison\/","og_locale":"fr_FR","og_type":"article","og_title":"Looking for a Home? I\u2019m Here to Help with Finding the Right Property","og_description":"Finding the right property can be difficult and time-consuming.\u00a0I'm here to help you explore the options and make a well-informed choice.","og_url":"https:\/\/catherinedawe.com\/acheter-2\/vous-cherchez-une-maison\/","og_site_name":"Catherine Dawe","article_publisher":"https:\/\/www.facebook.com\/MontrealRealEstateforSale","article_modified_time":"2025-04-02T17:40:13+00:00","og_image":[{"width":1200,"height":630,"url":"https:\/\/catherinedawe.com\/files\/2024\/03\/2.png","type":"image\/png"}],"twitter_card":"summary_large_image","twitter_site":"@cdawemtl","twitter_misc":{"Dur\u00e9e de lecture estim\u00e9e":"2 minutes"},"schema":{"@context":"https:\/\/schema.org","@graph":[{"@type":"WebPage","@id":"https:\/\/catherinedawe.com\/acheter-2\/vous-cherchez-une-maison\/","url":"https:\/\/catherinedawe.com\/acheter-2\/vous-cherchez-une-maison\/","name":"Looking for a Home? I\u2019m Here to Help with Finding the Right Property","isPartOf":{"@id":"https:\/\/catherinedawe.com\/#website"},"datePublished":"2015-06-17T14:14:11+00:00","dateModified":"2025-04-02T17:40:13+00:00","description":"Finding the right property can be difficult and time-consuming.\u00a0I'm here to help you explore the options and make a well-informed choice.","breadcrumb":{"@id":"https:\/\/catherinedawe.com\/acheter-2\/vous-cherchez-une-maison\/#breadcrumb"},"inLanguage":"fr-FR","potentialAction":[{"@type":"ReadAction","target":["https:\/\/catherinedawe.com\/acheter-2\/vous-cherchez-une-maison\/"]}]},{"@type":"BreadcrumbList","@id":"https:\/\/catherinedawe.com\/acheter-2\/vous-cherchez-une-maison\/#breadcrumb","itemListElement":[{"@type":"ListItem","position":1,"name":"Accueil","item":"https:\/\/catherinedawe.com\/fr\/"},{"@type":"ListItem","position":2,"name":"Buy","item":"https:\/\/catherinedawe.com\/acheter-2\/"},{"@type":"ListItem","position":3,"name":"Looking for a home?"}]},{"@type":"WebSite","@id":"https:\/\/catherinedawe.com\/#website","url":"https:\/\/catherinedawe.com\/","name":"Catherine Dawe","description":"","publisher":{"@id":"https:\/\/catherinedawe.com\/#organization"},"potentialAction":[{"@type":"SearchAction","target":{"@type":"EntryPoint","urlTemplate":"https:\/\/catherinedawe.com\/?s={search_term_string}"},"query-input":{"@type":"PropertyValueSpecification","valueRequired":true,"valueName":"search_term_string"}}],"inLanguage":"fr-FR"},{"@type":"Organization","@id":"https:\/\/catherinedawe.com\/#organization","name":"Catherine Dawe Exp\u00e9rience Montreal Real Estate","url":"https:\/\/catherinedawe.com\/","logo":{"@type":"ImageObject","inLanguage":"fr-FR","@id":"https:\/\/catherinedawe.com\/#\/schema\/logo\/image\/","url":"https:\/\/catherinedawe.com\/files\/2024\/03\/Catherine-Dawe-Experience-Favicon.png","contentUrl":"https:\/\/catherinedawe.com\/files\/2024\/03\/Catherine-Dawe-Experience-Favicon.png","width":500,"height":500,"caption":"Catherine Dawe Exp\u00e9rience Montreal Real Estate"},"image":{"@id":"https:\/\/catherinedawe.com\/#\/schema\/logo\/image\/"},"sameAs":["https:\/\/www.facebook.com\/MontrealRealEstateforSale","https:\/\/x.com\/cdawemtl","https:\/\/www.instagram.com\/cdawemtl\/","https:\/\/www.linkedin.com\/in\/catherinedawe\/","https:\/\/www.youtube.com\/channel\/UCxhrvXE1R5Key2BcJBHecrw"]}]}},"_links":{"self":[{"href":"https:\/\/catherinedawe.com\/fr\/wp-json\/wp\/v2\/pages\/706","targetHints":{"allow":["GET"]}}],"collection":[{"href":"https:\/\/catherinedawe.com\/fr\/wp-json\/wp\/v2\/pages"}],"about":[{"href":"https:\/\/catherinedawe.com\/fr\/wp-json\/wp\/v2\/types\/page"}],"author":[{"embeddable":true,"href":"https:\/\/catherinedawe.com\/fr\/wp-json\/wp\/v2\/users\/121"}],"replies":[{"embeddable":true,"href":"https:\/\/catherinedawe.com\/fr\/wp-json\/wp\/v2\/comments?post=706"}],"version-history":[{"count":2,"href":"https:\/\/catherinedawe.com\/fr\/wp-json\/wp\/v2\/pages\/706\/revisions"}],"predecessor-version":[{"id":2808,"href":"https:\/\/catherinedawe.com\/fr\/wp-json\/wp\/v2\/pages\/706\/revisions\/2808"}],"up":[{"embeddable":true,"href":"https:\/\/catherinedawe.com\/fr\/wp-json\/wp\/v2\/pages\/7"}],"wp:attachment":[{"href":"https:\/\/catherinedawe.com\/fr\/wp-json\/wp\/v2\/media?parent=706"}],"curies":[{"name":"wp","href":"https:\/\/api.w.org\/{rel}","templated":true}]}}