{"id":86,"date":"2012-05-11T15:50:06","date_gmt":"2012-05-11T19:50:06","guid":{"rendered":"http:\/\/public.mediasimple.ca\/remax_papachristou\/?page_id=86"},"modified":"2025-04-02T13:20:07","modified_gmt":"2025-04-02T17:20:07","slug":"prenez-le-temps-danalyser-vos-besoins","status":"publish","type":"page","link":"https:\/\/catherinedawe.com\/fr\/acheter-2\/prenez-le-temps-danalyser-vos-besoins\/","title":{"rendered":"Prenez le temps d&rsquo;analyser vos besoins"},"content":{"rendered":"<p><div class='span30 align-left   text-align-left' style='color:'>Vous r\u00eavez d&rsquo;une grande maison au bord d&rsquo;un lac? Est-ce vraiment la propri\u00e9t\u00e9 qui r\u00e9pond \u00e0 vos besoins? Il faut parfois savoir faire la diff\u00e9rence entre la maison de nos r\u00eaves et celle qui nous convient r\u00e9ellement.<\/p>\n<p>Comment choisir la bonne maison ? Avant de commencer vos recherches, prenez le temps de r\u00e9fl\u00e9chir.<\/p>\n<p><a href=\"\/files\/2012\/05\/Thinking.jpg\"><img loading=\"lazy\" decoding=\"async\" class=\"alignnone size-full wp-image-768\" src=\"\/files\/2012\/05\/Thinking.jpg\" alt=\"Thinking\" width=\"190\" height=\"500\" srcset=\"https:\/\/catherinedawe.com\/files\/2012\/05\/Thinking.jpg 190w, https:\/\/catherinedawe.com\/files\/2012\/05\/Thinking-114x300.jpg 114w\" sizes=\"auto, (max-width: 190px) 100vw, 190px\" \/><\/a><\/p>\n<p><\/div><br \/>\n<div class='span70 align-left   text-align-left' style='color:'><\/p>\n<ol class=\"numbered\">\n<li>\n<h3>Vos besoins<\/h3>\n<p>Chaque famille a ses propres besoins et priorit\u00e9s. Combien de chambres et de salles de bain vous faut-il? Une salle \u00e0 manger est-elle vraiment n\u00e9cessaire? Et le garage, deviendra-t-il un autre espace de rangement?<\/li>\n<li>\n<h3>Vos go\u00fbts<\/h3>\n<p>Tenez compte de vos go\u00fbts. Si vous n&rsquo;\u00eates pas bricoleur, \u00e9vitez les maisons qui ont besoin de grandes r\u00e9novations. Coup de c\u0153ur pour un grand terrain? N&rsquo;oubliez pas que vous devrez l&rsquo;entretenir. Si vous pr\u00e9f\u00e9rez la vie urbaine pour vous rapprocher des services, des salles de spectacles et des restos branch\u00e9s, attendez-vous \u00e0 vivre dans un milieu plus bruyant et moins vert. En r\u00e9sum\u00e9, \u00e9tablissez vos priorit\u00e9s!<\/li>\n<li>\n<h3>Quel est votre budget?<\/h3>\n<p>Ne faites pas l&rsquo;erreur d&rsquo;acheter une maison dont le prix est au-dessus de vos moyens. Pour trouver la propri\u00e9t\u00e9 qui vous convient, ajustez vos besoins \u00e0 votre budget. Une fois que vous serez devenu propri\u00e9taire, votre investissement prendra de la valeur et vous permettra d&rsquo;opter, plus tard, pour une propri\u00e9t\u00e9 plus pr\u00e8s de votre id\u00e9al. Au d\u00e9part, pensez surtout \u00e0 faire des r\u00e9serves pour les frais relatifs \u00e0 l&rsquo;achat et aux impr\u00e9vus. C&rsquo;est sans compter l&rsquo;entretien, les assurances et les r\u00e9parations, dont les frais annuels correspondent g\u00e9n\u00e9ralement \u00e0 2 % ou 3 % du prix de la maison.<\/li>\n<li>\n<h3>Votre environnement<\/h3>\n<p>Votre environnement est aussi un facteur important. Y a-t-il une garderie ou une \u00e9cole \u00e0 proximit\u00e9? Vos enfants pourront-ils utiliser le transport en commun ou devrez-vous les conduire? Pensez aussi \u00e0 la distance qui vous s\u00e9pare du travail.<\/p>\n<p>Apprendre \u00e0 choisir la bonne maison vous aidera \u00e0 \u00e9viter des erreurs co\u00fbteuses et \u00e0 assurer votre bonheur \u00e0 long terme. Vous avez besoin d&rsquo;aide pour planifier votre projet? N&rsquo;h\u00e9sitez pas \u00e0 <a href=\"https:\/\/catherinedawe.com\/fr\/me-contacter\/\" target=\"_blank\" rel=\"noopener\">me contacter<\/a>!<\/li>\n<\/ol>\n<p><\/div><\/p>\n<div class=\"references\">SOURCE<br \/>\n<a title=\"http:\/\/www.centris.ca\" href=\"http:\/\/www.centris.ca\" target=\"_blank\" rel=\"noopener\">CENTRIS.CA<\/a><\/div>\n<p><\/p>","protected":false},"excerpt":{"rendered":"<p>SOURCE CENTRIS.CA<\/p>\n","protected":false},"author":1,"featured_media":0,"parent":7,"menu_order":40,"comment_status":"open","ping_status":"closed","template":"","meta":{"_acf_changed":false,"footnotes":""},"class_list":["post-86","page","type-page","status-publish","hentry"],"acf":[],"yoast_head":"<!-- This site is optimized with the Yoast SEO plugin v26.7 - https:\/\/yoast.com\/wordpress\/plugins\/seo\/ -->\n<title>How to Choose the Right Home? Take the Time to Analyze Your Needs<\/title>\n<meta name=\"description\" content=\"How to choose the right home? Sometimes you have to know the difference between the house of your dreams and the one that really suits you.\" \/>\n<meta name=\"robots\" content=\"index, follow, max-snippet:-1, max-image-preview:large, max-video-preview:-1\" \/>\n<link rel=\"canonical\" href=\"https:\/\/catherinedawe.com\/fr\/acheter-2\/prenez-le-temps-danalyser-vos-besoins\/\" \/>\n<meta property=\"og:locale\" content=\"fr_FR\" \/>\n<meta property=\"og:type\" content=\"article\" \/>\n<meta property=\"og:title\" content=\"How to Choose the Right Home? Take the Time to Analyze Your Needs\" \/>\n<meta property=\"og:description\" content=\"How to choose the right home? Sometimes you have to know the difference between the house of your dreams and the one that really suits you.\" \/>\n<meta property=\"og:url\" content=\"https:\/\/catherinedawe.com\/fr\/acheter-2\/prenez-le-temps-danalyser-vos-besoins\/\" \/>\n<meta property=\"og:site_name\" content=\"Catherine Dawe\" \/>\n<meta property=\"article:publisher\" content=\"https:\/\/www.facebook.com\/MontrealRealEstateforSale\" \/>\n<meta property=\"article:modified_time\" content=\"2025-04-02T17:20:07+00:00\" \/>\n<meta property=\"og:image\" content=\"https:\/\/catherinedawe.com\/files\/2024\/03\/2.png\" \/>\n\t<meta property=\"og:image:width\" content=\"1200\" \/>\n\t<meta property=\"og:image:height\" content=\"630\" \/>\n\t<meta property=\"og:image:type\" content=\"image\/png\" \/>\n<meta name=\"twitter:card\" content=\"summary_large_image\" \/>\n<meta name=\"twitter:site\" content=\"@cdawemtl\" \/>\n<meta name=\"twitter:label1\" content=\"Dur\u00e9e de lecture estim\u00e9e\" \/>\n\t<meta name=\"twitter:data1\" content=\"2 minutes\" \/>\n<script type=\"application\/ld+json\" class=\"yoast-schema-graph\">{\"@context\":\"https:\/\/schema.org\",\"@graph\":[{\"@type\":\"WebPage\",\"@id\":\"https:\/\/catherinedawe.com\/fr\/acheter-2\/prenez-le-temps-danalyser-vos-besoins\/\",\"url\":\"https:\/\/catherinedawe.com\/fr\/acheter-2\/prenez-le-temps-danalyser-vos-besoins\/\",\"name\":\"How to Choose the Right Home? Take the Time to Analyze Your Needs\",\"isPartOf\":{\"@id\":\"https:\/\/catherinedawe.com\/#website\"},\"datePublished\":\"2012-05-11T19:50:06+00:00\",\"dateModified\":\"2025-04-02T17:20:07+00:00\",\"description\":\"How to choose the right home? Sometimes you have to know the difference between the house of your dreams and the one that really suits you.\",\"breadcrumb\":{\"@id\":\"https:\/\/catherinedawe.com\/fr\/acheter-2\/prenez-le-temps-danalyser-vos-besoins\/#breadcrumb\"},\"inLanguage\":\"fr-FR\",\"potentialAction\":[{\"@type\":\"ReadAction\",\"target\":[\"https:\/\/catherinedawe.com\/fr\/acheter-2\/prenez-le-temps-danalyser-vos-besoins\/\"]}]},{\"@type\":\"BreadcrumbList\",\"@id\":\"https:\/\/catherinedawe.com\/fr\/acheter-2\/prenez-le-temps-danalyser-vos-besoins\/#breadcrumb\",\"itemListElement\":[{\"@type\":\"ListItem\",\"position\":1,\"name\":\"Accueil\",\"item\":\"https:\/\/catherinedawe.com\/fr\/\"},{\"@type\":\"ListItem\",\"position\":2,\"name\":\"Buy\",\"item\":\"https:\/\/catherinedawe.com\/acheter-2\/\"},{\"@type\":\"ListItem\",\"position\":3,\"name\":\"Prenez le temps d&rsquo;analyser vos besoins\"}]},{\"@type\":\"WebSite\",\"@id\":\"https:\/\/catherinedawe.com\/#website\",\"url\":\"https:\/\/catherinedawe.com\/\",\"name\":\"Catherine Dawe\",\"description\":\"\",\"publisher\":{\"@id\":\"https:\/\/catherinedawe.com\/#organization\"},\"potentialAction\":[{\"@type\":\"SearchAction\",\"target\":{\"@type\":\"EntryPoint\",\"urlTemplate\":\"https:\/\/catherinedawe.com\/?s={search_term_string}\"},\"query-input\":{\"@type\":\"PropertyValueSpecification\",\"valueRequired\":true,\"valueName\":\"search_term_string\"}}],\"inLanguage\":\"fr-FR\"},{\"@type\":\"Organization\",\"@id\":\"https:\/\/catherinedawe.com\/#organization\",\"name\":\"Catherine Dawe Exp\u00e9rience Montreal Real Estate\",\"url\":\"https:\/\/catherinedawe.com\/\",\"logo\":{\"@type\":\"ImageObject\",\"inLanguage\":\"fr-FR\",\"@id\":\"https:\/\/catherinedawe.com\/#\/schema\/logo\/image\/\",\"url\":\"https:\/\/catherinedawe.com\/files\/2024\/03\/Catherine-Dawe-Experience-Favicon.png\",\"contentUrl\":\"https:\/\/catherinedawe.com\/files\/2024\/03\/Catherine-Dawe-Experience-Favicon.png\",\"width\":500,\"height\":500,\"caption\":\"Catherine Dawe Exp\u00e9rience Montreal Real Estate\"},\"image\":{\"@id\":\"https:\/\/catherinedawe.com\/#\/schema\/logo\/image\/\"},\"sameAs\":[\"https:\/\/www.facebook.com\/MontrealRealEstateforSale\",\"https:\/\/x.com\/cdawemtl\",\"https:\/\/www.instagram.com\/cdawemtl\/\",\"https:\/\/www.linkedin.com\/in\/catherinedawe\/\",\"https:\/\/www.youtube.com\/channel\/UCxhrvXE1R5Key2BcJBHecrw\"]}]}<\/script>\n<!-- \/ Yoast SEO plugin. -->","yoast_head_json":{"title":"How to Choose the Right Home? Take the Time to Analyze Your Needs","description":"How to choose the right home? Sometimes you have to know the difference between the house of your dreams and the one that really suits you.","robots":{"index":"index","follow":"follow","max-snippet":"max-snippet:-1","max-image-preview":"max-image-preview:large","max-video-preview":"max-video-preview:-1"},"canonical":"https:\/\/catherinedawe.com\/fr\/acheter-2\/prenez-le-temps-danalyser-vos-besoins\/","og_locale":"fr_FR","og_type":"article","og_title":"How to Choose the Right Home? Take the Time to Analyze Your Needs","og_description":"How to choose the right home? Sometimes you have to know the difference between the house of your dreams and the one that really suits you.","og_url":"https:\/\/catherinedawe.com\/fr\/acheter-2\/prenez-le-temps-danalyser-vos-besoins\/","og_site_name":"Catherine Dawe","article_publisher":"https:\/\/www.facebook.com\/MontrealRealEstateforSale","article_modified_time":"2025-04-02T17:20:07+00:00","og_image":[{"width":1200,"height":630,"url":"https:\/\/catherinedawe.com\/files\/2024\/03\/2.png","type":"image\/png"}],"twitter_card":"summary_large_image","twitter_site":"@cdawemtl","twitter_misc":{"Dur\u00e9e de lecture estim\u00e9e":"2 minutes"},"schema":{"@context":"https:\/\/schema.org","@graph":[{"@type":"WebPage","@id":"https:\/\/catherinedawe.com\/fr\/acheter-2\/prenez-le-temps-danalyser-vos-besoins\/","url":"https:\/\/catherinedawe.com\/fr\/acheter-2\/prenez-le-temps-danalyser-vos-besoins\/","name":"How to Choose the Right Home? Take the Time to Analyze Your Needs","isPartOf":{"@id":"https:\/\/catherinedawe.com\/#website"},"datePublished":"2012-05-11T19:50:06+00:00","dateModified":"2025-04-02T17:20:07+00:00","description":"How to choose the right home? Sometimes you have to know the difference between the house of your dreams and the one that really suits you.","breadcrumb":{"@id":"https:\/\/catherinedawe.com\/fr\/acheter-2\/prenez-le-temps-danalyser-vos-besoins\/#breadcrumb"},"inLanguage":"fr-FR","potentialAction":[{"@type":"ReadAction","target":["https:\/\/catherinedawe.com\/fr\/acheter-2\/prenez-le-temps-danalyser-vos-besoins\/"]}]},{"@type":"BreadcrumbList","@id":"https:\/\/catherinedawe.com\/fr\/acheter-2\/prenez-le-temps-danalyser-vos-besoins\/#breadcrumb","itemListElement":[{"@type":"ListItem","position":1,"name":"Accueil","item":"https:\/\/catherinedawe.com\/fr\/"},{"@type":"ListItem","position":2,"name":"Buy","item":"https:\/\/catherinedawe.com\/acheter-2\/"},{"@type":"ListItem","position":3,"name":"Prenez le temps d&rsquo;analyser vos besoins"}]},{"@type":"WebSite","@id":"https:\/\/catherinedawe.com\/#website","url":"https:\/\/catherinedawe.com\/","name":"Catherine Dawe","description":"","publisher":{"@id":"https:\/\/catherinedawe.com\/#organization"},"potentialAction":[{"@type":"SearchAction","target":{"@type":"EntryPoint","urlTemplate":"https:\/\/catherinedawe.com\/?s={search_term_string}"},"query-input":{"@type":"PropertyValueSpecification","valueRequired":true,"valueName":"search_term_string"}}],"inLanguage":"fr-FR"},{"@type":"Organization","@id":"https:\/\/catherinedawe.com\/#organization","name":"Catherine Dawe Exp\u00e9rience Montreal Real Estate","url":"https:\/\/catherinedawe.com\/","logo":{"@type":"ImageObject","inLanguage":"fr-FR","@id":"https:\/\/catherinedawe.com\/#\/schema\/logo\/image\/","url":"https:\/\/catherinedawe.com\/files\/2024\/03\/Catherine-Dawe-Experience-Favicon.png","contentUrl":"https:\/\/catherinedawe.com\/files\/2024\/03\/Catherine-Dawe-Experience-Favicon.png","width":500,"height":500,"caption":"Catherine Dawe Exp\u00e9rience Montreal Real Estate"},"image":{"@id":"https:\/\/catherinedawe.com\/#\/schema\/logo\/image\/"},"sameAs":["https:\/\/www.facebook.com\/MontrealRealEstateforSale","https:\/\/x.com\/cdawemtl","https:\/\/www.instagram.com\/cdawemtl\/","https:\/\/www.linkedin.com\/in\/catherinedawe\/","https:\/\/www.youtube.com\/channel\/UCxhrvXE1R5Key2BcJBHecrw"]}]}},"_links":{"self":[{"href":"https:\/\/catherinedawe.com\/fr\/wp-json\/wp\/v2\/pages\/86","targetHints":{"allow":["GET"]}}],"collection":[{"href":"https:\/\/catherinedawe.com\/fr\/wp-json\/wp\/v2\/pages"}],"about":[{"href":"https:\/\/catherinedawe.com\/fr\/wp-json\/wp\/v2\/types\/page"}],"author":[{"embeddable":true,"href":"https:\/\/catherinedawe.com\/fr\/wp-json\/wp\/v2\/users\/1"}],"replies":[{"embeddable":true,"href":"https:\/\/catherinedawe.com\/fr\/wp-json\/wp\/v2\/comments?post=86"}],"version-history":[{"count":2,"href":"https:\/\/catherinedawe.com\/fr\/wp-json\/wp\/v2\/pages\/86\/revisions"}],"predecessor-version":[{"id":2805,"href":"https:\/\/catherinedawe.com\/fr\/wp-json\/wp\/v2\/pages\/86\/revisions\/2805"}],"up":[{"embeddable":true,"href":"https:\/\/catherinedawe.com\/fr\/wp-json\/wp\/v2\/pages\/7"}],"wp:attachment":[{"href":"https:\/\/catherinedawe.com\/fr\/wp-json\/wp\/v2\/media?parent=86"}],"curies":[{"name":"wp","href":"https:\/\/api.w.org\/{rel}","templated":true}]}}