{"id":894,"date":"2015-08-26T10:03:57","date_gmt":"2015-08-26T14:03:57","guid":{"rendered":"\/?page_id=894"},"modified":"2025-03-21T13:00:15","modified_gmt":"2025-03-21T17:00:15","slug":"ressources","status":"publish","type":"page","link":"https:\/\/catherinedawe.com\/fr\/vendre-2\/ressources\/","title":{"rendered":"Ressources"},"content":{"rendered":"<p><\/p>\n<p style=\"text-align: left\"><strong><span style=\"line-height: 1.5\">RESSOURCES WEB POUR VENDEURS<\/span><\/strong><\/p>\n<p style=\"text-align: left\"><a href=\"\/files\/2015\/08\/2014-09-2-Life-of-Pix-free-stock-photos-hands-desk-swatch-Damian-zaleski-1.jpg\"><img loading=\"lazy\" decoding=\"async\" class=\" wp-image-900 alignnone\" src=\"\/files\/2015\/08\/2014-09-2-Life-of-Pix-free-stock-photos-hands-desk-swatch-Damian-zaleski-1-300x154.jpg\" alt=\"2014-09-2-Life-of-Pix-free-stock-photos-hands-desk-swatch-Damian-zaleski (1)\" width=\"452\" height=\"232\" srcset=\"https:\/\/catherinedawe.com\/files\/2015\/08\/2014-09-2-Life-of-Pix-free-stock-photos-hands-desk-swatch-Damian-zaleski-1-300x154.jpg 300w, https:\/\/catherinedawe.com\/files\/2015\/08\/2014-09-2-Life-of-Pix-free-stock-photos-hands-desk-swatch-Damian-zaleski-1-1024x526.jpg 1024w\" sizes=\"auto, (max-width: 452px) 100vw, 452px\" \/><\/a><\/p>\n<p>VENDRE UNE PROPRI\u00c9T\u00c9 &#8211; LIENS UTILES<\/p>\n<p><a href=\"https:\/\/www.rbcroyalbank.com\/fr\/hypotheques\/vendre-votre-premiere-maison.html\" target=\"_blank\" rel=\"noopener\">RBC &#8211; 7 aspects \u00e0 consid\u00e9rer au moment de vendre votre premi\u00e8re maison<\/a><\/p>\n<p><a href=\"https:\/\/www.centris.ca\/fr\/blogue\/immobilier\/vendre-avec-un-courtier\" target=\"_blank\" rel=\"noopener\">Centris &#8211; Vendre avec un courtier<\/a><\/p>\n<p><a href=\"https:\/\/www.centris.ca\/fr\/blogue\/immobilier\/guide-complet-comment-vendre-sa-maison-en-12-etapes?uc=2\" target=\"_blank\" rel=\"noopener\">Centris &#8211; Guide complet : comment vendre sa maison en 12 \u00e9tapes<\/a><\/p>","protected":false},"excerpt":{"rendered":"<p>RESSOURCES WEB POUR VENDEURS VENDRE UNE PROPRI\u00c9T\u00c9 &#8211; LIENS UTILES RBC &#8211; 7 aspects \u00e0 consid\u00e9rer au moment de vendre votre premi\u00e8re maison Centris &#8211; Vendre avec un courtier Centris &#8211; Guide complet : comment vendre sa maison en 12 \u00e9tapes<\/p>\n","protected":false},"author":992,"featured_media":0,"parent":15,"menu_order":0,"comment_status":"open","ping_status":"open","template":"","meta":{"_acf_changed":false,"footnotes":""},"class_list":["post-894","page","type-page","status-publish","hentry"],"acf":[],"yoast_head":"<!-- This site is optimized with the Yoast SEO plugin v26.7 - https:\/\/yoast.com\/wordpress\/plugins\/seo\/ -->\n<title>Selling a Property | Resources<\/title>\n<meta name=\"description\" content=\"Thinking of selling a property? Catherine Dawe has put together a list of useful links to help you with your project.\" \/>\n<meta name=\"robots\" content=\"index, follow, max-snippet:-1, max-image-preview:large, max-video-preview:-1\" \/>\n<link rel=\"canonical\" href=\"https:\/\/catherinedawe.com\/vendre-2\/ressources\/\" \/>\n<meta property=\"og:locale\" content=\"fr_FR\" \/>\n<meta property=\"og:type\" content=\"article\" \/>\n<meta property=\"og:title\" content=\"Selling a Property | Resources\" \/>\n<meta property=\"og:description\" content=\"Thinking of selling a property? Catherine Dawe has put together a list of useful links to help you with your project.\" \/>\n<meta property=\"og:url\" content=\"https:\/\/catherinedawe.com\/vendre-2\/ressources\/\" \/>\n<meta property=\"og:site_name\" content=\"Catherine Dawe\" \/>\n<meta property=\"article:publisher\" content=\"https:\/\/www.facebook.com\/MontrealRealEstateforSale\" \/>\n<meta property=\"article:modified_time\" content=\"2025-03-21T17:00:15+00:00\" \/>\n<meta property=\"og:image\" content=\"https:\/\/catherinedawe.com\/files\/2024\/03\/2.png\" \/>\n\t<meta property=\"og:image:width\" content=\"1200\" \/>\n\t<meta property=\"og:image:height\" content=\"630\" \/>\n\t<meta property=\"og:image:type\" content=\"image\/png\" \/>\n<meta name=\"twitter:card\" content=\"summary_large_image\" \/>\n<meta name=\"twitter:site\" content=\"@cdawemtl\" \/>\n<meta name=\"twitter:label1\" content=\"Dur\u00e9e de lecture estim\u00e9e\" \/>\n\t<meta name=\"twitter:data1\" content=\"1 minute\" \/>\n<script type=\"application\/ld+json\" class=\"yoast-schema-graph\">{\"@context\":\"https:\/\/schema.org\",\"@graph\":[{\"@type\":\"WebPage\",\"@id\":\"https:\/\/catherinedawe.com\/vendre-2\/ressources\/\",\"url\":\"https:\/\/catherinedawe.com\/vendre-2\/ressources\/\",\"name\":\"Selling a Property | Resources\",\"isPartOf\":{\"@id\":\"https:\/\/catherinedawe.com\/#website\"},\"datePublished\":\"2015-08-26T14:03:57+00:00\",\"dateModified\":\"2025-03-21T17:00:15+00:00\",\"description\":\"Thinking of selling a property? Catherine Dawe has put together a list of useful links to help you with your project.\",\"breadcrumb\":{\"@id\":\"https:\/\/catherinedawe.com\/vendre-2\/ressources\/#breadcrumb\"},\"inLanguage\":\"fr-FR\",\"potentialAction\":[{\"@type\":\"ReadAction\",\"target\":[\"https:\/\/catherinedawe.com\/vendre-2\/ressources\/\"]}]},{\"@type\":\"BreadcrumbList\",\"@id\":\"https:\/\/catherinedawe.com\/vendre-2\/ressources\/#breadcrumb\",\"itemListElement\":[{\"@type\":\"ListItem\",\"position\":1,\"name\":\"Accueil\",\"item\":\"https:\/\/catherinedawe.com\/fr\/\"},{\"@type\":\"ListItem\",\"position\":2,\"name\":\"Sell\",\"item\":\"https:\/\/catherinedawe.com\/vendre-2\/\"},{\"@type\":\"ListItem\",\"position\":3,\"name\":\"Resources\"}]},{\"@type\":\"WebSite\",\"@id\":\"https:\/\/catherinedawe.com\/#website\",\"url\":\"https:\/\/catherinedawe.com\/\",\"name\":\"Catherine Dawe\",\"description\":\"\",\"publisher\":{\"@id\":\"https:\/\/catherinedawe.com\/#organization\"},\"potentialAction\":[{\"@type\":\"SearchAction\",\"target\":{\"@type\":\"EntryPoint\",\"urlTemplate\":\"https:\/\/catherinedawe.com\/?s={search_term_string}\"},\"query-input\":{\"@type\":\"PropertyValueSpecification\",\"valueRequired\":true,\"valueName\":\"search_term_string\"}}],\"inLanguage\":\"fr-FR\"},{\"@type\":\"Organization\",\"@id\":\"https:\/\/catherinedawe.com\/#organization\",\"name\":\"Catherine Dawe Exp\u00e9rience Montreal Real Estate\",\"url\":\"https:\/\/catherinedawe.com\/\",\"logo\":{\"@type\":\"ImageObject\",\"inLanguage\":\"fr-FR\",\"@id\":\"https:\/\/catherinedawe.com\/#\/schema\/logo\/image\/\",\"url\":\"https:\/\/catherinedawe.com\/files\/2024\/03\/Catherine-Dawe-Experience-Favicon.png\",\"contentUrl\":\"https:\/\/catherinedawe.com\/files\/2024\/03\/Catherine-Dawe-Experience-Favicon.png\",\"width\":500,\"height\":500,\"caption\":\"Catherine Dawe Exp\u00e9rience Montreal Real Estate\"},\"image\":{\"@id\":\"https:\/\/catherinedawe.com\/#\/schema\/logo\/image\/\"},\"sameAs\":[\"https:\/\/www.facebook.com\/MontrealRealEstateforSale\",\"https:\/\/x.com\/cdawemtl\",\"https:\/\/www.instagram.com\/cdawemtl\/\",\"https:\/\/www.linkedin.com\/in\/catherinedawe\/\",\"https:\/\/www.youtube.com\/channel\/UCxhrvXE1R5Key2BcJBHecrw\"]}]}<\/script>\n<!-- \/ Yoast SEO plugin. -->","yoast_head_json":{"title":"Selling a Property | Resources","description":"Thinking of selling a property? Catherine Dawe has put together a list of useful links to help you with your project.","robots":{"index":"index","follow":"follow","max-snippet":"max-snippet:-1","max-image-preview":"max-image-preview:large","max-video-preview":"max-video-preview:-1"},"canonical":"https:\/\/catherinedawe.com\/vendre-2\/ressources\/","og_locale":"fr_FR","og_type":"article","og_title":"Selling a Property | Resources","og_description":"Thinking of selling a property? Catherine Dawe has put together a list of useful links to help you with your project.","og_url":"https:\/\/catherinedawe.com\/vendre-2\/ressources\/","og_site_name":"Catherine Dawe","article_publisher":"https:\/\/www.facebook.com\/MontrealRealEstateforSale","article_modified_time":"2025-03-21T17:00:15+00:00","og_image":[{"width":1200,"height":630,"url":"https:\/\/catherinedawe.com\/files\/2024\/03\/2.png","type":"image\/png"}],"twitter_card":"summary_large_image","twitter_site":"@cdawemtl","twitter_misc":{"Dur\u00e9e de lecture estim\u00e9e":"1 minute"},"schema":{"@context":"https:\/\/schema.org","@graph":[{"@type":"WebPage","@id":"https:\/\/catherinedawe.com\/vendre-2\/ressources\/","url":"https:\/\/catherinedawe.com\/vendre-2\/ressources\/","name":"Selling a Property | Resources","isPartOf":{"@id":"https:\/\/catherinedawe.com\/#website"},"datePublished":"2015-08-26T14:03:57+00:00","dateModified":"2025-03-21T17:00:15+00:00","description":"Thinking of selling a property? Catherine Dawe has put together a list of useful links to help you with your project.","breadcrumb":{"@id":"https:\/\/catherinedawe.com\/vendre-2\/ressources\/#breadcrumb"},"inLanguage":"fr-FR","potentialAction":[{"@type":"ReadAction","target":["https:\/\/catherinedawe.com\/vendre-2\/ressources\/"]}]},{"@type":"BreadcrumbList","@id":"https:\/\/catherinedawe.com\/vendre-2\/ressources\/#breadcrumb","itemListElement":[{"@type":"ListItem","position":1,"name":"Accueil","item":"https:\/\/catherinedawe.com\/fr\/"},{"@type":"ListItem","position":2,"name":"Sell","item":"https:\/\/catherinedawe.com\/vendre-2\/"},{"@type":"ListItem","position":3,"name":"Resources"}]},{"@type":"WebSite","@id":"https:\/\/catherinedawe.com\/#website","url":"https:\/\/catherinedawe.com\/","name":"Catherine Dawe","description":"","publisher":{"@id":"https:\/\/catherinedawe.com\/#organization"},"potentialAction":[{"@type":"SearchAction","target":{"@type":"EntryPoint","urlTemplate":"https:\/\/catherinedawe.com\/?s={search_term_string}"},"query-input":{"@type":"PropertyValueSpecification","valueRequired":true,"valueName":"search_term_string"}}],"inLanguage":"fr-FR"},{"@type":"Organization","@id":"https:\/\/catherinedawe.com\/#organization","name":"Catherine Dawe Exp\u00e9rience Montreal Real Estate","url":"https:\/\/catherinedawe.com\/","logo":{"@type":"ImageObject","inLanguage":"fr-FR","@id":"https:\/\/catherinedawe.com\/#\/schema\/logo\/image\/","url":"https:\/\/catherinedawe.com\/files\/2024\/03\/Catherine-Dawe-Experience-Favicon.png","contentUrl":"https:\/\/catherinedawe.com\/files\/2024\/03\/Catherine-Dawe-Experience-Favicon.png","width":500,"height":500,"caption":"Catherine Dawe Exp\u00e9rience Montreal Real Estate"},"image":{"@id":"https:\/\/catherinedawe.com\/#\/schema\/logo\/image\/"},"sameAs":["https:\/\/www.facebook.com\/MontrealRealEstateforSale","https:\/\/x.com\/cdawemtl","https:\/\/www.instagram.com\/cdawemtl\/","https:\/\/www.linkedin.com\/in\/catherinedawe\/","https:\/\/www.youtube.com\/channel\/UCxhrvXE1R5Key2BcJBHecrw"]}]}},"_links":{"self":[{"href":"https:\/\/catherinedawe.com\/fr\/wp-json\/wp\/v2\/pages\/894","targetHints":{"allow":["GET"]}}],"collection":[{"href":"https:\/\/catherinedawe.com\/fr\/wp-json\/wp\/v2\/pages"}],"about":[{"href":"https:\/\/catherinedawe.com\/fr\/wp-json\/wp\/v2\/types\/page"}],"author":[{"embeddable":true,"href":"https:\/\/catherinedawe.com\/fr\/wp-json\/wp\/v2\/users\/992"}],"replies":[{"embeddable":true,"href":"https:\/\/catherinedawe.com\/fr\/wp-json\/wp\/v2\/comments?post=894"}],"version-history":[{"count":2,"href":"https:\/\/catherinedawe.com\/fr\/wp-json\/wp\/v2\/pages\/894\/revisions"}],"predecessor-version":[{"id":2731,"href":"https:\/\/catherinedawe.com\/fr\/wp-json\/wp\/v2\/pages\/894\/revisions\/2731"}],"up":[{"embeddable":true,"href":"https:\/\/catherinedawe.com\/fr\/wp-json\/wp\/v2\/pages\/15"}],"wp:attachment":[{"href":"https:\/\/catherinedawe.com\/fr\/wp-json\/wp\/v2\/media?parent=894"}],"curies":[{"name":"wp","href":"https:\/\/api.w.org\/{rel}","templated":true}]}}