{"id":907,"date":"2015-08-31T09:43:14","date_gmt":"2015-08-31T13:43:14","guid":{"rendered":"\/?page_id=907"},"modified":"2025-04-02T15:40:52","modified_gmt":"2025-04-02T19:40:52","slug":"ressources","status":"publish","type":"page","link":"https:\/\/catherinedawe.com\/fr\/outils\/ressources\/","title":{"rendered":"Ressources"},"content":{"rendered":"<p><\/p>\n<p style=\"text-align: left\"><strong><span style=\"line-height: 1.5\">RESSOURCES WEB POUR FUTURS\u00a0PROPRI\u00c9TAIRES<\/span><\/strong><\/p>\n<p style=\"text-align: left\"><a href=\"\/files\/2015\/08\/2014-09-2-Life-of-Pix-free-stock-photos-hands-desk-swatch-Damian-zaleski-1.jpg\"><img loading=\"lazy\" decoding=\"async\" class=\" wp-image-900 alignnone\" src=\"\/files\/2015\/08\/2014-09-2-Life-of-Pix-free-stock-photos-hands-desk-swatch-Damian-zaleski-1-300x154.jpg\" alt=\"2014-09-2-Life-of-Pix-free-stock-photos-hands-desk-swatch-Damian-zaleski (1)\" width=\"452\" height=\"232\" srcset=\"https:\/\/catherinedawe.com\/files\/2015\/08\/2014-09-2-Life-of-Pix-free-stock-photos-hands-desk-swatch-Damian-zaleski-1-300x154.jpg 300w, https:\/\/catherinedawe.com\/files\/2015\/08\/2014-09-2-Life-of-Pix-free-stock-photos-hands-desk-swatch-Damian-zaleski-1-1024x526.jpg 1024w\" sizes=\"auto, (max-width: 452px) 100vw, 452px\" \/><\/a><\/p>\n<p style=\"text-align: left\">LIENS UTILES<\/p>\n<p><a href=\"https:\/\/www.caaquebec.com\/fr\/habitation\" target=\"_blank\" rel=\"noopener\">CAA Qu\u00e9bec &#8211; CONSEILS : \u00c0 la maison<\/a><\/p>\n<p><a href=\"http:\/\/www.cmhc-schl.gc.ca\/fr\/co\/aclo\/index.cfm\" target=\"_blank\" rel=\"noopener\">SCHL &#8211; Soci\u00e9t\u00e9 canadienne d&rsquo;hypoth\u00e8ques et de logement :\u00a0 L&rsquo;achat d&rsquo;une maison \u00e9tape par \u00e9tape<\/a><\/p>\n<p><a href=\"https:\/\/www.rbcroyalbank.com\/fr-ca\/mes-finances-dabord\/objectifs-et-aspirations\/achat-dune-maison\/\" target=\"_blank\" rel=\"noopener\">RBC &#8211; Centre d&rsquo;expertise : Acheter votre premi\u00e8re maison, choisir la bonne hypoth\u00e8que, faire le bon achat, r\u00e9nover votre maison, et autres conseils.<\/a><\/p>\n<p><a href=\"https:\/\/www.bnc.ca\/particuliers\/conseils\/maison\/etapes-acheter-premiere-maison.html\" target=\"_blank\" rel=\"noopener\">Banque Nationale &#8211; 7 \u00e9tapes pour acheter une premi\u00e8re maison : conseils aux premiers acheteurs, acheter une r\u00e9sidence secondaire, faites appel au RAP pour acheter une maison, d\u00e9couvrez la solution hypoth\u00e9caire juste pour vous.<\/a><\/p>\n<p class=\"p1\"><a href=\"https:\/\/publicstoragecanada.com\/fr\/entreposage-montreal\/\" target=\"_blank\" rel=\"noopener\">Solutions d&rsquo;unit\u00e9s d\u2019entreposage libre-service \u00e0 Montr\u00e9al d&rsquo; <span class=\"s1\">Entrep\u00f4t public<\/span><\/a><\/p>\n<p><\/p>","protected":false},"excerpt":{"rendered":"<p>RESSOURCES WEB POUR FUTURS\u00a0PROPRI\u00c9TAIRES LIENS UTILES CAA Qu\u00e9bec &#8211; CONSEILS : \u00c0 la maison SCHL &#8211; Soci\u00e9t\u00e9 canadienne d&rsquo;hypoth\u00e8ques et de logement :\u00a0 L&rsquo;achat d&rsquo;une maison \u00e9tape par \u00e9tape RBC &#8211; Centre d&rsquo;expertise : Acheter votre premi\u00e8re maison, choisir la bonne hypoth\u00e8que, faire le bon achat, r\u00e9nover votre maison, et autres conseils. Banque Nationale &#8211; [&hellip;]<\/p>\n","protected":false},"author":992,"featured_media":0,"parent":226,"menu_order":0,"comment_status":"open","ping_status":"open","template":"","meta":{"_acf_changed":false,"footnotes":""},"class_list":["post-907","page","type-page","status-publish","hentry"],"acf":[],"yoast_head":"<!-- This site is optimized with the Yoast SEO plugin v26.7 - https:\/\/yoast.com\/wordpress\/plugins\/seo\/ -->\n<title>Homeowner Website Resources | Catherine Dawe - Real Estate Broker<\/title>\n<meta name=\"description\" content=\"Catherine Dawe has put together a list of homeowner website resources to help you make an informed choice about your property.\" \/>\n<meta name=\"robots\" content=\"index, follow, max-snippet:-1, max-image-preview:large, max-video-preview:-1\" \/>\n<link rel=\"canonical\" href=\"https:\/\/catherinedawe.com\/outils\/ressources\/\" \/>\n<meta property=\"og:locale\" content=\"fr_FR\" \/>\n<meta property=\"og:type\" content=\"article\" \/>\n<meta property=\"og:title\" content=\"Homeowner Website Resources | Catherine Dawe - Real Estate Broker\" \/>\n<meta property=\"og:description\" content=\"Catherine Dawe has put together a list of homeowner website resources to help you make an informed choice about your property.\" \/>\n<meta property=\"og:url\" content=\"https:\/\/catherinedawe.com\/outils\/ressources\/\" \/>\n<meta property=\"og:site_name\" content=\"Catherine Dawe\" \/>\n<meta property=\"article:publisher\" content=\"https:\/\/www.facebook.com\/MontrealRealEstateforSale\" \/>\n<meta property=\"article:modified_time\" content=\"2025-04-02T19:40:52+00:00\" \/>\n<meta property=\"og:image\" content=\"https:\/\/catherinedawe.com\/files\/2024\/03\/2.png\" \/>\n\t<meta property=\"og:image:width\" content=\"1200\" \/>\n\t<meta property=\"og:image:height\" content=\"630\" \/>\n\t<meta property=\"og:image:type\" content=\"image\/png\" \/>\n<meta name=\"twitter:card\" content=\"summary_large_image\" \/>\n<meta name=\"twitter:site\" content=\"@cdawemtl\" \/>\n<meta name=\"twitter:label1\" content=\"Dur\u00e9e de lecture estim\u00e9e\" \/>\n\t<meta name=\"twitter:data1\" content=\"1 minute\" \/>\n<script type=\"application\/ld+json\" class=\"yoast-schema-graph\">{\"@context\":\"https:\/\/schema.org\",\"@graph\":[{\"@type\":\"WebPage\",\"@id\":\"https:\/\/catherinedawe.com\/outils\/ressources\/\",\"url\":\"https:\/\/catherinedawe.com\/outils\/ressources\/\",\"name\":\"Homeowner Website Resources | Catherine Dawe - Real Estate Broker\",\"isPartOf\":{\"@id\":\"https:\/\/catherinedawe.com\/#website\"},\"datePublished\":\"2015-08-31T13:43:14+00:00\",\"dateModified\":\"2025-04-02T19:40:52+00:00\",\"description\":\"Catherine Dawe has put together a list of homeowner website resources to help you make an informed choice about your property.\",\"breadcrumb\":{\"@id\":\"https:\/\/catherinedawe.com\/outils\/ressources\/#breadcrumb\"},\"inLanguage\":\"fr-FR\",\"potentialAction\":[{\"@type\":\"ReadAction\",\"target\":[\"https:\/\/catherinedawe.com\/outils\/ressources\/\"]}]},{\"@type\":\"BreadcrumbList\",\"@id\":\"https:\/\/catherinedawe.com\/outils\/ressources\/#breadcrumb\",\"itemListElement\":[{\"@type\":\"ListItem\",\"position\":1,\"name\":\"Accueil\",\"item\":\"https:\/\/catherinedawe.com\/fr\/\"},{\"@type\":\"ListItem\",\"position\":2,\"name\":\"Tools\",\"item\":\"https:\/\/catherinedawe.com\/outils\/\"},{\"@type\":\"ListItem\",\"position\":3,\"name\":\"Resources\"}]},{\"@type\":\"WebSite\",\"@id\":\"https:\/\/catherinedawe.com\/#website\",\"url\":\"https:\/\/catherinedawe.com\/\",\"name\":\"Catherine Dawe\",\"description\":\"\",\"publisher\":{\"@id\":\"https:\/\/catherinedawe.com\/#organization\"},\"potentialAction\":[{\"@type\":\"SearchAction\",\"target\":{\"@type\":\"EntryPoint\",\"urlTemplate\":\"https:\/\/catherinedawe.com\/?s={search_term_string}\"},\"query-input\":{\"@type\":\"PropertyValueSpecification\",\"valueRequired\":true,\"valueName\":\"search_term_string\"}}],\"inLanguage\":\"fr-FR\"},{\"@type\":\"Organization\",\"@id\":\"https:\/\/catherinedawe.com\/#organization\",\"name\":\"Catherine Dawe Exp\u00e9rience Montreal Real Estate\",\"url\":\"https:\/\/catherinedawe.com\/\",\"logo\":{\"@type\":\"ImageObject\",\"inLanguage\":\"fr-FR\",\"@id\":\"https:\/\/catherinedawe.com\/#\/schema\/logo\/image\/\",\"url\":\"https:\/\/catherinedawe.com\/files\/2024\/03\/Catherine-Dawe-Experience-Favicon.png\",\"contentUrl\":\"https:\/\/catherinedawe.com\/files\/2024\/03\/Catherine-Dawe-Experience-Favicon.png\",\"width\":500,\"height\":500,\"caption\":\"Catherine Dawe Exp\u00e9rience Montreal Real Estate\"},\"image\":{\"@id\":\"https:\/\/catherinedawe.com\/#\/schema\/logo\/image\/\"},\"sameAs\":[\"https:\/\/www.facebook.com\/MontrealRealEstateforSale\",\"https:\/\/x.com\/cdawemtl\",\"https:\/\/www.instagram.com\/cdawemtl\/\",\"https:\/\/www.linkedin.com\/in\/catherinedawe\/\",\"https:\/\/www.youtube.com\/channel\/UCxhrvXE1R5Key2BcJBHecrw\"]}]}<\/script>\n<!-- \/ Yoast SEO plugin. -->","yoast_head_json":{"title":"Homeowner Website Resources | Catherine Dawe - Real Estate Broker","description":"Catherine Dawe has put together a list of homeowner website resources to help you make an informed choice about your property.","robots":{"index":"index","follow":"follow","max-snippet":"max-snippet:-1","max-image-preview":"max-image-preview:large","max-video-preview":"max-video-preview:-1"},"canonical":"https:\/\/catherinedawe.com\/outils\/ressources\/","og_locale":"fr_FR","og_type":"article","og_title":"Homeowner Website Resources | Catherine Dawe - Real Estate Broker","og_description":"Catherine Dawe has put together a list of homeowner website resources to help you make an informed choice about your property.","og_url":"https:\/\/catherinedawe.com\/outils\/ressources\/","og_site_name":"Catherine Dawe","article_publisher":"https:\/\/www.facebook.com\/MontrealRealEstateforSale","article_modified_time":"2025-04-02T19:40:52+00:00","og_image":[{"width":1200,"height":630,"url":"https:\/\/catherinedawe.com\/files\/2024\/03\/2.png","type":"image\/png"}],"twitter_card":"summary_large_image","twitter_site":"@cdawemtl","twitter_misc":{"Dur\u00e9e de lecture estim\u00e9e":"1 minute"},"schema":{"@context":"https:\/\/schema.org","@graph":[{"@type":"WebPage","@id":"https:\/\/catherinedawe.com\/outils\/ressources\/","url":"https:\/\/catherinedawe.com\/outils\/ressources\/","name":"Homeowner Website Resources | Catherine Dawe - Real Estate Broker","isPartOf":{"@id":"https:\/\/catherinedawe.com\/#website"},"datePublished":"2015-08-31T13:43:14+00:00","dateModified":"2025-04-02T19:40:52+00:00","description":"Catherine Dawe has put together a list of homeowner website resources to help you make an informed choice about your property.","breadcrumb":{"@id":"https:\/\/catherinedawe.com\/outils\/ressources\/#breadcrumb"},"inLanguage":"fr-FR","potentialAction":[{"@type":"ReadAction","target":["https:\/\/catherinedawe.com\/outils\/ressources\/"]}]},{"@type":"BreadcrumbList","@id":"https:\/\/catherinedawe.com\/outils\/ressources\/#breadcrumb","itemListElement":[{"@type":"ListItem","position":1,"name":"Accueil","item":"https:\/\/catherinedawe.com\/fr\/"},{"@type":"ListItem","position":2,"name":"Tools","item":"https:\/\/catherinedawe.com\/outils\/"},{"@type":"ListItem","position":3,"name":"Resources"}]},{"@type":"WebSite","@id":"https:\/\/catherinedawe.com\/#website","url":"https:\/\/catherinedawe.com\/","name":"Catherine Dawe","description":"","publisher":{"@id":"https:\/\/catherinedawe.com\/#organization"},"potentialAction":[{"@type":"SearchAction","target":{"@type":"EntryPoint","urlTemplate":"https:\/\/catherinedawe.com\/?s={search_term_string}"},"query-input":{"@type":"PropertyValueSpecification","valueRequired":true,"valueName":"search_term_string"}}],"inLanguage":"fr-FR"},{"@type":"Organization","@id":"https:\/\/catherinedawe.com\/#organization","name":"Catherine Dawe Exp\u00e9rience Montreal Real Estate","url":"https:\/\/catherinedawe.com\/","logo":{"@type":"ImageObject","inLanguage":"fr-FR","@id":"https:\/\/catherinedawe.com\/#\/schema\/logo\/image\/","url":"https:\/\/catherinedawe.com\/files\/2024\/03\/Catherine-Dawe-Experience-Favicon.png","contentUrl":"https:\/\/catherinedawe.com\/files\/2024\/03\/Catherine-Dawe-Experience-Favicon.png","width":500,"height":500,"caption":"Catherine Dawe Exp\u00e9rience Montreal Real Estate"},"image":{"@id":"https:\/\/catherinedawe.com\/#\/schema\/logo\/image\/"},"sameAs":["https:\/\/www.facebook.com\/MontrealRealEstateforSale","https:\/\/x.com\/cdawemtl","https:\/\/www.instagram.com\/cdawemtl\/","https:\/\/www.linkedin.com\/in\/catherinedawe\/","https:\/\/www.youtube.com\/channel\/UCxhrvXE1R5Key2BcJBHecrw"]}]}},"_links":{"self":[{"href":"https:\/\/catherinedawe.com\/fr\/wp-json\/wp\/v2\/pages\/907","targetHints":{"allow":["GET"]}}],"collection":[{"href":"https:\/\/catherinedawe.com\/fr\/wp-json\/wp\/v2\/pages"}],"about":[{"href":"https:\/\/catherinedawe.com\/fr\/wp-json\/wp\/v2\/types\/page"}],"author":[{"embeddable":true,"href":"https:\/\/catherinedawe.com\/fr\/wp-json\/wp\/v2\/users\/992"}],"replies":[{"embeddable":true,"href":"https:\/\/catherinedawe.com\/fr\/wp-json\/wp\/v2\/comments?post=907"}],"version-history":[{"count":2,"href":"https:\/\/catherinedawe.com\/fr\/wp-json\/wp\/v2\/pages\/907\/revisions"}],"predecessor-version":[{"id":2829,"href":"https:\/\/catherinedawe.com\/fr\/wp-json\/wp\/v2\/pages\/907\/revisions\/2829"}],"up":[{"embeddable":true,"href":"https:\/\/catherinedawe.com\/fr\/wp-json\/wp\/v2\/pages\/226"}],"wp:attachment":[{"href":"https:\/\/catherinedawe.com\/fr\/wp-json\/wp\/v2\/media?parent=907"}],"curies":[{"name":"wp","href":"https:\/\/api.w.org\/{rel}","templated":true}]}}