{"id":95,"date":"2012-05-11T18:27:36","date_gmt":"2012-05-11T22:27:36","guid":{"rendered":"http:\/\/public.mediasimple.ca\/remax_papachristou\/?page_id=95"},"modified":"2025-04-02T13:47:19","modified_gmt":"2025-04-02T17:47:19","slug":"des-outils-pour-le-financement","status":"publish","type":"page","link":"https:\/\/catherinedawe.com\/fr\/acheter-2\/des-outils-pour-le-financement\/","title":{"rendered":"Des outils pour le financement"},"content":{"rendered":"<p><a href=\"\/files\/2012\/05\/Financement.jpg\"><img loading=\"lazy\" decoding=\"async\" class=\" size-full wp-image-817 alignleft\" src=\"\/files\/2012\/05\/Financement.jpg\" alt=\"Financement\" width=\"300\" height=\"300\" srcset=\"https:\/\/catherinedawe.com\/files\/2012\/05\/Financement.jpg 300w, https:\/\/catherinedawe.com\/files\/2012\/05\/Financement-150x150.jpg 150w, https:\/\/catherinedawe.com\/files\/2012\/05\/Financement-80x80.jpg 80w\" sizes=\"auto, (max-width: 300px) 100vw, 300px\" \/><\/a>Plusieurs outils peuvent vous aider \u00e0 \u00e9valuer votre situation financi\u00e8re et ainsi r\u00e9aliser votre r\u00eave de devenir propri\u00e9taire.<\/p>\n<h3>Capacit\u00e9 d&#8217;emprunt et pr\u00eat hypoth\u00e9caire pr\u00e9\u00e9tabli<\/h3>\n<p>Lorsque vous commencez \u00e0 rechercher une propri\u00e9t\u00e9, il est \u00e0 votre avantage de conna\u00eetre votre capacit\u00e9 d&#8217;emprunt. Ainsi, vous saurez vers quel type de propri\u00e9t\u00e9 vous tourner lors de vos recherches. Une bonne fa\u00e7on de faire est d&rsquo;obtenir un pr\u00eat hypoth\u00e9caire pr\u00e9\u00e9tabli avant m\u00eame d&rsquo;avoir trouv\u00e9 votre propri\u00e9t\u00e9. Gr\u00e2ce \u00e0 un pr\u00eat hypoth\u00e9caire pr\u00e9\u00e9tabli, vous conna\u00eetrez le montant que vous pouvez emprunter, le taux d&rsquo;int\u00e9r\u00eat et le montant de chaque versement. Ainsi, vous rechercherez une propri\u00e9t\u00e9 \u00e0 la mesure de vos moyens.<\/p>\n<h3>L&rsquo;assurance pr\u00eat hypoth\u00e9caire<\/h3>\n<p>Vous r\u00eavez d&rsquo;acheter une propri\u00e9t\u00e9, mais vous poss\u00e9dez moins de 20 % du prix d&rsquo;achat pour la mise de fonds? Qu&rsquo;\u00e0 cela ne tienne! L&rsquo;assurance pr\u00eat hypoth\u00e9caire pourrait vous aider \u00e0 concr\u00e9tiser ce r\u00eave&#8230; Habituellement, de nos jours, les pr\u00eateurs exigent une assurance pr\u00eat hypoth\u00e9caire lorsque l&#8217;emprunteur verse une mise de fonds inf\u00e9rieure \u00e0 20 % du prix d&rsquo;achat de la propri\u00e9t\u00e9.<\/p>\n<p>L&rsquo;assurance pr\u00eat hypoth\u00e9caire s&rsquo;applique \u00e0 divers types de propri\u00e9t\u00e9s neuves ou existantes.Il faut aussi garder \u00e0 l&rsquo;esprit que plus la mise de fonds est modeste, plus les versements hypoth\u00e9caires et le co\u00fbt total de l&rsquo;achat seront \u00e9lev\u00e9s. L&rsquo;assurance pr\u00eat hypoth\u00e9caire est offerte au Canada par la Soci\u00e9t\u00e9 canadienne d&rsquo;hypoth\u00e8ques et de logement (SCHL) et par GenworthFinancial Canada.<\/p>\n<h3>Le R\u00e9gime d&rsquo;accession \u00e0 la propri\u00e9t\u00e9<\/h3>\n<p>Le R\u00e9gime d&rsquo;accession \u00e0 la propri\u00e9t\u00e9 (RAP) est un programme gouvernemental qui permet \u00e0 tout acheteur d&rsquo;utiliser ses \u00e9conomies vers\u00e9es dans un REER pour financer l&rsquo;achat d&rsquo;une propri\u00e9t\u00e9 sans avoir \u00e0 payer d&rsquo;imp\u00f4t sur le retrait. Les fonds retir\u00e9s doivent \u00eatre remis dans le REER selon le d\u00e9lai fix\u00e9 par le programme.<\/p>\n<p>Ni l&rsquo;acheteur ni le conjoint ne doivent avoir \u00e9t\u00e9 propri\u00e9taires d&rsquo;une habitation ayant servi de r\u00e9sidence principale au cours des cinq ann\u00e9es pr\u00e9c\u00e9dant la demande de retrait. De plus, l&rsquo;acheteur doit avoir conclu une entente \u00e9crite pour l&rsquo;achat ou la construction d&rsquo;une propri\u00e9t\u00e9 (promesse d&rsquo;achat ou contrat pr\u00e9liminaire) avant de pouvoir retirer les fonds du REER. Pour conna\u00eetre en d\u00e9tails les conditions d&rsquo;admissibilit\u00e9, communiquez avec l&rsquo;Agence du revenu du Canada ou avec votre institution financi\u00e8re.<\/p>\n<p>Des questions \u00e0 propos de ces outils de financement? N&rsquo;h\u00e9sitez pas \u00e0 <a href=\"https:\/\/catherinedawe.com\/fr\/me-contacter\/\" target=\"_blank\" rel=\"noopener\">me contacter<\/a>!<\/p>\n<p>SOURCE : <a title=\"http:\/\/www.CENTRIS.CA\" href=\"http:\/\/www.CENTRIS.CA\" target=\"_blank\" rel=\"noopener\">CENTRIS.CA<\/a><\/p>","protected":false},"excerpt":{"rendered":"<p>Plusieurs outils peuvent vous aider \u00e0 \u00e9valuer votre situation financi\u00e8re et ainsi r\u00e9aliser votre r\u00eave de devenir propri\u00e9taire. Capacit\u00e9 d&#8217;emprunt et pr\u00eat hypoth\u00e9caire pr\u00e9\u00e9tabli Lorsque vous commencez \u00e0 rechercher une propri\u00e9t\u00e9, il est \u00e0 votre avantage de conna\u00eetre votre capacit\u00e9 d&#8217;emprunt. Ainsi, vous saurez vers quel type de propri\u00e9t\u00e9 vous tourner lors de vos recherches. [&hellip;]<\/p>\n","protected":false},"author":1,"featured_media":0,"parent":7,"menu_order":60,"comment_status":"open","ping_status":"closed","template":"","meta":{"_acf_changed":false,"footnotes":""},"class_list":["post-95","page","type-page","status-publish","hentry"],"acf":[],"yoast_head":"<!-- This site is optimized with the Yoast SEO plugin v26.7 - https:\/\/yoast.com\/wordpress\/plugins\/seo\/ -->\n<title>Financial Tools | Catherine Dawe - Real Estate Broker in Montreal<\/title>\n<meta name=\"description\" content=\"There are many financial tools available to help you evaluate your situation and make your dream of becoming a homeowner a reality.\" \/>\n<meta name=\"robots\" content=\"index, follow, max-snippet:-1, max-image-preview:large, max-video-preview:-1\" \/>\n<link rel=\"canonical\" href=\"https:\/\/catherinedawe.com\/acheter-2\/des-outils-pour-le-financement\/\" \/>\n<meta property=\"og:locale\" content=\"fr_FR\" \/>\n<meta property=\"og:type\" content=\"article\" \/>\n<meta property=\"og:title\" content=\"Financial Tools | Catherine Dawe - Real Estate Broker in Montreal\" \/>\n<meta property=\"og:description\" content=\"There are many financial tools available to help you evaluate your situation and make your dream of becoming a homeowner a reality.\" \/>\n<meta property=\"og:url\" content=\"https:\/\/catherinedawe.com\/acheter-2\/des-outils-pour-le-financement\/\" \/>\n<meta property=\"og:site_name\" content=\"Catherine Dawe\" \/>\n<meta property=\"article:publisher\" content=\"https:\/\/www.facebook.com\/MontrealRealEstateforSale\" \/>\n<meta property=\"article:modified_time\" content=\"2025-04-02T17:47:19+00:00\" \/>\n<meta property=\"og:image\" content=\"https:\/\/catherinedawe.com\/files\/2024\/03\/2.png\" \/>\n\t<meta property=\"og:image:width\" content=\"1200\" \/>\n\t<meta property=\"og:image:height\" content=\"630\" \/>\n\t<meta property=\"og:image:type\" content=\"image\/png\" \/>\n<meta name=\"twitter:card\" content=\"summary_large_image\" \/>\n<meta name=\"twitter:site\" content=\"@cdawemtl\" \/>\n<meta name=\"twitter:label1\" content=\"Dur\u00e9e de lecture estim\u00e9e\" \/>\n\t<meta name=\"twitter:data1\" content=\"2 minutes\" \/>\n<script type=\"application\/ld+json\" class=\"yoast-schema-graph\">{\"@context\":\"https:\/\/schema.org\",\"@graph\":[{\"@type\":\"WebPage\",\"@id\":\"https:\/\/catherinedawe.com\/acheter-2\/des-outils-pour-le-financement\/\",\"url\":\"https:\/\/catherinedawe.com\/acheter-2\/des-outils-pour-le-financement\/\",\"name\":\"Financial Tools | Catherine Dawe - Real Estate Broker in Montreal\",\"isPartOf\":{\"@id\":\"https:\/\/catherinedawe.com\/#website\"},\"datePublished\":\"2012-05-11T22:27:36+00:00\",\"dateModified\":\"2025-04-02T17:47:19+00:00\",\"description\":\"There are many financial tools available to help you evaluate your situation and make your dream of becoming a homeowner a reality.\",\"breadcrumb\":{\"@id\":\"https:\/\/catherinedawe.com\/acheter-2\/des-outils-pour-le-financement\/#breadcrumb\"},\"inLanguage\":\"fr-FR\",\"potentialAction\":[{\"@type\":\"ReadAction\",\"target\":[\"https:\/\/catherinedawe.com\/acheter-2\/des-outils-pour-le-financement\/\"]}]},{\"@type\":\"BreadcrumbList\",\"@id\":\"https:\/\/catherinedawe.com\/acheter-2\/des-outils-pour-le-financement\/#breadcrumb\",\"itemListElement\":[{\"@type\":\"ListItem\",\"position\":1,\"name\":\"Accueil\",\"item\":\"https:\/\/catherinedawe.com\/fr\/\"},{\"@type\":\"ListItem\",\"position\":2,\"name\":\"Buy\",\"item\":\"https:\/\/catherinedawe.com\/acheter-2\/\"},{\"@type\":\"ListItem\",\"position\":3,\"name\":\"Financial Tools\"}]},{\"@type\":\"WebSite\",\"@id\":\"https:\/\/catherinedawe.com\/#website\",\"url\":\"https:\/\/catherinedawe.com\/\",\"name\":\"Catherine Dawe\",\"description\":\"\",\"publisher\":{\"@id\":\"https:\/\/catherinedawe.com\/#organization\"},\"potentialAction\":[{\"@type\":\"SearchAction\",\"target\":{\"@type\":\"EntryPoint\",\"urlTemplate\":\"https:\/\/catherinedawe.com\/?s={search_term_string}\"},\"query-input\":{\"@type\":\"PropertyValueSpecification\",\"valueRequired\":true,\"valueName\":\"search_term_string\"}}],\"inLanguage\":\"fr-FR\"},{\"@type\":\"Organization\",\"@id\":\"https:\/\/catherinedawe.com\/#organization\",\"name\":\"Catherine Dawe Exp\u00e9rience Montreal Real Estate\",\"url\":\"https:\/\/catherinedawe.com\/\",\"logo\":{\"@type\":\"ImageObject\",\"inLanguage\":\"fr-FR\",\"@id\":\"https:\/\/catherinedawe.com\/#\/schema\/logo\/image\/\",\"url\":\"https:\/\/catherinedawe.com\/files\/2024\/03\/Catherine-Dawe-Experience-Favicon.png\",\"contentUrl\":\"https:\/\/catherinedawe.com\/files\/2024\/03\/Catherine-Dawe-Experience-Favicon.png\",\"width\":500,\"height\":500,\"caption\":\"Catherine Dawe Exp\u00e9rience Montreal Real Estate\"},\"image\":{\"@id\":\"https:\/\/catherinedawe.com\/#\/schema\/logo\/image\/\"},\"sameAs\":[\"https:\/\/www.facebook.com\/MontrealRealEstateforSale\",\"https:\/\/x.com\/cdawemtl\",\"https:\/\/www.instagram.com\/cdawemtl\/\",\"https:\/\/www.linkedin.com\/in\/catherinedawe\/\",\"https:\/\/www.youtube.com\/channel\/UCxhrvXE1R5Key2BcJBHecrw\"]}]}<\/script>\n<!-- \/ Yoast SEO plugin. -->","yoast_head_json":{"title":"Financial Tools | Catherine Dawe - Real Estate Broker in Montreal","description":"There are many financial tools available to help you evaluate your situation and make your dream of becoming a homeowner a reality.","robots":{"index":"index","follow":"follow","max-snippet":"max-snippet:-1","max-image-preview":"max-image-preview:large","max-video-preview":"max-video-preview:-1"},"canonical":"https:\/\/catherinedawe.com\/acheter-2\/des-outils-pour-le-financement\/","og_locale":"fr_FR","og_type":"article","og_title":"Financial Tools | Catherine Dawe - Real Estate Broker in Montreal","og_description":"There are many financial tools available to help you evaluate your situation and make your dream of becoming a homeowner a reality.","og_url":"https:\/\/catherinedawe.com\/acheter-2\/des-outils-pour-le-financement\/","og_site_name":"Catherine Dawe","article_publisher":"https:\/\/www.facebook.com\/MontrealRealEstateforSale","article_modified_time":"2025-04-02T17:47:19+00:00","og_image":[{"width":1200,"height":630,"url":"https:\/\/catherinedawe.com\/files\/2024\/03\/2.png","type":"image\/png"}],"twitter_card":"summary_large_image","twitter_site":"@cdawemtl","twitter_misc":{"Dur\u00e9e de lecture estim\u00e9e":"2 minutes"},"schema":{"@context":"https:\/\/schema.org","@graph":[{"@type":"WebPage","@id":"https:\/\/catherinedawe.com\/acheter-2\/des-outils-pour-le-financement\/","url":"https:\/\/catherinedawe.com\/acheter-2\/des-outils-pour-le-financement\/","name":"Financial Tools | Catherine Dawe - Real Estate Broker in Montreal","isPartOf":{"@id":"https:\/\/catherinedawe.com\/#website"},"datePublished":"2012-05-11T22:27:36+00:00","dateModified":"2025-04-02T17:47:19+00:00","description":"There are many financial tools available to help you evaluate your situation and make your dream of becoming a homeowner a reality.","breadcrumb":{"@id":"https:\/\/catherinedawe.com\/acheter-2\/des-outils-pour-le-financement\/#breadcrumb"},"inLanguage":"fr-FR","potentialAction":[{"@type":"ReadAction","target":["https:\/\/catherinedawe.com\/acheter-2\/des-outils-pour-le-financement\/"]}]},{"@type":"BreadcrumbList","@id":"https:\/\/catherinedawe.com\/acheter-2\/des-outils-pour-le-financement\/#breadcrumb","itemListElement":[{"@type":"ListItem","position":1,"name":"Accueil","item":"https:\/\/catherinedawe.com\/fr\/"},{"@type":"ListItem","position":2,"name":"Buy","item":"https:\/\/catherinedawe.com\/acheter-2\/"},{"@type":"ListItem","position":3,"name":"Financial Tools"}]},{"@type":"WebSite","@id":"https:\/\/catherinedawe.com\/#website","url":"https:\/\/catherinedawe.com\/","name":"Catherine Dawe","description":"","publisher":{"@id":"https:\/\/catherinedawe.com\/#organization"},"potentialAction":[{"@type":"SearchAction","target":{"@type":"EntryPoint","urlTemplate":"https:\/\/catherinedawe.com\/?s={search_term_string}"},"query-input":{"@type":"PropertyValueSpecification","valueRequired":true,"valueName":"search_term_string"}}],"inLanguage":"fr-FR"},{"@type":"Organization","@id":"https:\/\/catherinedawe.com\/#organization","name":"Catherine Dawe Exp\u00e9rience Montreal Real Estate","url":"https:\/\/catherinedawe.com\/","logo":{"@type":"ImageObject","inLanguage":"fr-FR","@id":"https:\/\/catherinedawe.com\/#\/schema\/logo\/image\/","url":"https:\/\/catherinedawe.com\/files\/2024\/03\/Catherine-Dawe-Experience-Favicon.png","contentUrl":"https:\/\/catherinedawe.com\/files\/2024\/03\/Catherine-Dawe-Experience-Favicon.png","width":500,"height":500,"caption":"Catherine Dawe Exp\u00e9rience Montreal Real Estate"},"image":{"@id":"https:\/\/catherinedawe.com\/#\/schema\/logo\/image\/"},"sameAs":["https:\/\/www.facebook.com\/MontrealRealEstateforSale","https:\/\/x.com\/cdawemtl","https:\/\/www.instagram.com\/cdawemtl\/","https:\/\/www.linkedin.com\/in\/catherinedawe\/","https:\/\/www.youtube.com\/channel\/UCxhrvXE1R5Key2BcJBHecrw"]}]}},"_links":{"self":[{"href":"https:\/\/catherinedawe.com\/fr\/wp-json\/wp\/v2\/pages\/95","targetHints":{"allow":["GET"]}}],"collection":[{"href":"https:\/\/catherinedawe.com\/fr\/wp-json\/wp\/v2\/pages"}],"about":[{"href":"https:\/\/catherinedawe.com\/fr\/wp-json\/wp\/v2\/types\/page"}],"author":[{"embeddable":true,"href":"https:\/\/catherinedawe.com\/fr\/wp-json\/wp\/v2\/users\/1"}],"replies":[{"embeddable":true,"href":"https:\/\/catherinedawe.com\/fr\/wp-json\/wp\/v2\/comments?post=95"}],"version-history":[{"count":2,"href":"https:\/\/catherinedawe.com\/fr\/wp-json\/wp\/v2\/pages\/95\/revisions"}],"predecessor-version":[{"id":2810,"href":"https:\/\/catherinedawe.com\/fr\/wp-json\/wp\/v2\/pages\/95\/revisions\/2810"}],"up":[{"embeddable":true,"href":"https:\/\/catherinedawe.com\/fr\/wp-json\/wp\/v2\/pages\/7"}],"wp:attachment":[{"href":"https:\/\/catherinedawe.com\/fr\/wp-json\/wp\/v2\/media?parent=95"}],"curies":[{"name":"wp","href":"https:\/\/api.w.org\/{rel}","templated":true}]}}