{"id":98,"date":"2012-05-11T18:56:18","date_gmt":"2012-05-11T22:56:18","guid":{"rendered":"http:\/\/public.mediasimple.ca\/remax_papachristou\/?page_id=98"},"modified":"2025-04-02T13:23:49","modified_gmt":"2025-04-02T17:23:49","slug":"frais-de-demarrage-y-avez-vous-pense","status":"publish","type":"page","link":"https:\/\/catherinedawe.com\/fr\/acheter-2\/frais-de-demarrage-y-avez-vous-pense\/","title":{"rendered":"Frais de d\u00e9marrage : y avez-vous pens\u00e9?"},"content":{"rendered":"<p><div class='span30 align-left   text-align-left' style='color:'>Saviez-vous que lors de l&rsquo;achat d&rsquo;une propri\u00e9t\u00e9, vous devez avoir un montant d&rsquo;argent en liquidit\u00e9s pour couvrir les frais de d\u00e9marrage? En effet, la mise de fonds et le paiement de l&rsquo;hypoth\u00e8que ne sont pas les seuls co\u00fbts \u00e0 consid\u00e9rer au moment de l&rsquo;achat.<\/p>\n<p>Les frais de d\u00e9marrage ne doivent surtout pas \u00eatre pris \u00e0 la l\u00e9g\u00e8re; il faut donc pouvoir compter sur des fonds suffisants. Plusieurs pr\u00eateurs hypoth\u00e9caires s&rsquo;assureront m\u00eame que vous avez ces fonds en votre possession avant de vous accorder un pr\u00eat. Le pr\u00eat hypoth\u00e9caire est calcul\u00e9 en fonction de la valeur de la maison et ne peut pas servir \u00e0 assumer les frais de d\u00e9marrage.<\/p>\n<p><\/div><br \/>\n<div class='span70 align-left   text-align-left' style='color:'><\/p>\n<h2>Voici certains frais de d\u00e9marrage communs :<\/h2>\n<ol class=\"numbered small\">\n<li>Inspection et \u00e9valuation de la propri\u00e9t\u00e9<\/li>\n<li>\u00e9tude du dossier par l&rsquo;assureur hypoth\u00e9caire, si applicable, de m\u00eame que les taxes sur la prime<\/li>\n<li>Honoraires du notaire<\/li>\n<li>Frais d&rsquo;ajustement de comptes indiqu\u00e9s par le notaire (\u00e9lectricit\u00e9, chauffage, taxes municipales et scolaires, contrat de location d&rsquo;\u00e9quipement, etc.)<\/li>\n<li>Droit de mutation (taxe de bienvenue)<\/li>\n<li>Frais de d\u00e9m\u00e9nagement<\/li>\n<li>Frais de branchement (t\u00e9l\u00e9phone, \u00e9lectricit\u00e9, etc.)<\/li>\n<li>Am\u00e9nagement (peinture, rideaux, etc.)<\/li>\n<\/ol>\n<p><a href=\"\/files\/2012\/05\/Calcul.jpg\"><img loading=\"lazy\" decoding=\"async\" class=\"alignnone size-full wp-image-771\" src=\"\/files\/2012\/05\/Calcul.jpg\" alt=\"Calcul\" width=\"404\" height=\"300\" srcset=\"https:\/\/catherinedawe.com\/files\/2012\/05\/Calcul.jpg 404w, https:\/\/catherinedawe.com\/files\/2012\/05\/Calcul-300x223.jpg 300w\" sizes=\"auto, (max-width: 404px) 100vw, 404px\" \/><\/a><\/p>\n<p><\/div><br \/>\nSOURCE : <a title=\"http:\/\/www.centris.ca\" href=\"http:\/\/www.centris.ca\" target=\"_blank\" rel=\"noopener\">CENTRIS.CA<\/a><\/p>","protected":false},"excerpt":{"rendered":"<p>SOURCE : CENTRIS.CA<\/p>\n","protected":false},"author":1,"featured_media":0,"parent":7,"menu_order":50,"comment_status":"open","ping_status":"closed","template":"","meta":{"_acf_changed":false,"footnotes":""},"class_list":["post-98","page","type-page","status-publish","hentry"],"acf":[],"yoast_head":"<!-- This site is optimized with the Yoast SEO plugin v26.7 - https:\/\/yoast.com\/wordpress\/plugins\/seo\/ -->\n<title>Considering Start-Up Costs | Catherine Dawe - Real Estate Broker<\/title>\n<meta name=\"description\" content=\"Did you know that when you buy a property, you must have money set aside to cover start-up costs? Learn about them in this article!\" \/>\n<meta name=\"robots\" content=\"index, follow, max-snippet:-1, max-image-preview:large, max-video-preview:-1\" \/>\n<link rel=\"canonical\" href=\"https:\/\/catherinedawe.com\/fr\/acheter-2\/frais-de-demarrage-y-avez-vous-pense\/\" \/>\n<meta property=\"og:locale\" content=\"fr_FR\" \/>\n<meta property=\"og:type\" content=\"article\" \/>\n<meta property=\"og:title\" content=\"Considering Start-Up Costs | Catherine Dawe - Real Estate Broker\" \/>\n<meta property=\"og:description\" content=\"Did you know that when you buy a property, you must have money set aside to cover start-up costs? Learn about them in this article!\" \/>\n<meta property=\"og:url\" content=\"https:\/\/catherinedawe.com\/fr\/acheter-2\/frais-de-demarrage-y-avez-vous-pense\/\" \/>\n<meta property=\"og:site_name\" content=\"Catherine Dawe\" \/>\n<meta property=\"article:publisher\" content=\"https:\/\/www.facebook.com\/MontrealRealEstateforSale\" \/>\n<meta property=\"article:modified_time\" content=\"2025-04-02T17:23:49+00:00\" \/>\n<meta property=\"og:image\" content=\"https:\/\/catherinedawe.com\/files\/2012\/05\/Calcul.jpg\" \/>\n<meta name=\"twitter:card\" content=\"summary_large_image\" \/>\n<meta name=\"twitter:site\" content=\"@cdawemtl\" \/>\n<meta name=\"twitter:label1\" content=\"Dur\u00e9e de lecture estim\u00e9e\" \/>\n\t<meta name=\"twitter:data1\" content=\"1 minute\" \/>\n<script type=\"application\/ld+json\" class=\"yoast-schema-graph\">{\"@context\":\"https:\/\/schema.org\",\"@graph\":[{\"@type\":\"WebPage\",\"@id\":\"https:\/\/catherinedawe.com\/fr\/acheter-2\/frais-de-demarrage-y-avez-vous-pense\/\",\"url\":\"https:\/\/catherinedawe.com\/fr\/acheter-2\/frais-de-demarrage-y-avez-vous-pense\/\",\"name\":\"Considering Start-Up Costs | Catherine Dawe - Real Estate Broker\",\"isPartOf\":{\"@id\":\"https:\/\/catherinedawe.com\/#website\"},\"primaryImageOfPage\":{\"@id\":\"https:\/\/catherinedawe.com\/fr\/acheter-2\/frais-de-demarrage-y-avez-vous-pense\/#primaryimage\"},\"image\":{\"@id\":\"https:\/\/catherinedawe.com\/fr\/acheter-2\/frais-de-demarrage-y-avez-vous-pense\/#primaryimage\"},\"thumbnailUrl\":\"https:\/\/catherinedawe.com\/files\/2012\/05\/Calcul.jpg\",\"datePublished\":\"2012-05-11T22:56:18+00:00\",\"dateModified\":\"2025-04-02T17:23:49+00:00\",\"description\":\"Did you know that when you buy a property, you must have money set aside to cover start-up costs? Learn about them in this article!\",\"breadcrumb\":{\"@id\":\"https:\/\/catherinedawe.com\/fr\/acheter-2\/frais-de-demarrage-y-avez-vous-pense\/#breadcrumb\"},\"inLanguage\":\"fr-FR\",\"potentialAction\":[{\"@type\":\"ReadAction\",\"target\":[\"https:\/\/catherinedawe.com\/fr\/acheter-2\/frais-de-demarrage-y-avez-vous-pense\/\"]}]},{\"@type\":\"ImageObject\",\"inLanguage\":\"fr-FR\",\"@id\":\"https:\/\/catherinedawe.com\/fr\/acheter-2\/frais-de-demarrage-y-avez-vous-pense\/#primaryimage\",\"url\":\"https:\/\/catherinedawe.com\/files\/2012\/05\/Calcul.jpg\",\"contentUrl\":\"https:\/\/catherinedawe.com\/files\/2012\/05\/Calcul.jpg\"},{\"@type\":\"BreadcrumbList\",\"@id\":\"https:\/\/catherinedawe.com\/fr\/acheter-2\/frais-de-demarrage-y-avez-vous-pense\/#breadcrumb\",\"itemListElement\":[{\"@type\":\"ListItem\",\"position\":1,\"name\":\"Accueil\",\"item\":\"https:\/\/catherinedawe.com\/fr\/\"},{\"@type\":\"ListItem\",\"position\":2,\"name\":\"Buy\",\"item\":\"https:\/\/catherinedawe.com\/acheter-2\/\"},{\"@type\":\"ListItem\",\"position\":3,\"name\":\"Frais de d\u00e9marrage : y avez-vous pens\u00e9?\"}]},{\"@type\":\"WebSite\",\"@id\":\"https:\/\/catherinedawe.com\/#website\",\"url\":\"https:\/\/catherinedawe.com\/\",\"name\":\"Catherine Dawe\",\"description\":\"\",\"publisher\":{\"@id\":\"https:\/\/catherinedawe.com\/#organization\"},\"potentialAction\":[{\"@type\":\"SearchAction\",\"target\":{\"@type\":\"EntryPoint\",\"urlTemplate\":\"https:\/\/catherinedawe.com\/?s={search_term_string}\"},\"query-input\":{\"@type\":\"PropertyValueSpecification\",\"valueRequired\":true,\"valueName\":\"search_term_string\"}}],\"inLanguage\":\"fr-FR\"},{\"@type\":\"Organization\",\"@id\":\"https:\/\/catherinedawe.com\/#organization\",\"name\":\"Catherine Dawe Exp\u00e9rience Montreal Real Estate\",\"url\":\"https:\/\/catherinedawe.com\/\",\"logo\":{\"@type\":\"ImageObject\",\"inLanguage\":\"fr-FR\",\"@id\":\"https:\/\/catherinedawe.com\/#\/schema\/logo\/image\/\",\"url\":\"https:\/\/catherinedawe.com\/files\/2024\/03\/Catherine-Dawe-Experience-Favicon.png\",\"contentUrl\":\"https:\/\/catherinedawe.com\/files\/2024\/03\/Catherine-Dawe-Experience-Favicon.png\",\"width\":500,\"height\":500,\"caption\":\"Catherine Dawe Exp\u00e9rience Montreal Real Estate\"},\"image\":{\"@id\":\"https:\/\/catherinedawe.com\/#\/schema\/logo\/image\/\"},\"sameAs\":[\"https:\/\/www.facebook.com\/MontrealRealEstateforSale\",\"https:\/\/x.com\/cdawemtl\",\"https:\/\/www.instagram.com\/cdawemtl\/\",\"https:\/\/www.linkedin.com\/in\/catherinedawe\/\",\"https:\/\/www.youtube.com\/channel\/UCxhrvXE1R5Key2BcJBHecrw\"]}]}<\/script>\n<!-- \/ Yoast SEO plugin. -->","yoast_head_json":{"title":"Considering Start-Up Costs | Catherine Dawe - Real Estate Broker","description":"Did you know that when you buy a property, you must have money set aside to cover start-up costs? Learn about them in this article!","robots":{"index":"index","follow":"follow","max-snippet":"max-snippet:-1","max-image-preview":"max-image-preview:large","max-video-preview":"max-video-preview:-1"},"canonical":"https:\/\/catherinedawe.com\/fr\/acheter-2\/frais-de-demarrage-y-avez-vous-pense\/","og_locale":"fr_FR","og_type":"article","og_title":"Considering Start-Up Costs | Catherine Dawe - Real Estate Broker","og_description":"Did you know that when you buy a property, you must have money set aside to cover start-up costs? Learn about them in this article!","og_url":"https:\/\/catherinedawe.com\/fr\/acheter-2\/frais-de-demarrage-y-avez-vous-pense\/","og_site_name":"Catherine Dawe","article_publisher":"https:\/\/www.facebook.com\/MontrealRealEstateforSale","article_modified_time":"2025-04-02T17:23:49+00:00","og_image":[{"url":"https:\/\/catherinedawe.com\/files\/2012\/05\/Calcul.jpg","type":"","width":"","height":""}],"twitter_card":"summary_large_image","twitter_site":"@cdawemtl","twitter_misc":{"Dur\u00e9e de lecture estim\u00e9e":"1 minute"},"schema":{"@context":"https:\/\/schema.org","@graph":[{"@type":"WebPage","@id":"https:\/\/catherinedawe.com\/fr\/acheter-2\/frais-de-demarrage-y-avez-vous-pense\/","url":"https:\/\/catherinedawe.com\/fr\/acheter-2\/frais-de-demarrage-y-avez-vous-pense\/","name":"Considering Start-Up Costs | Catherine Dawe - Real Estate Broker","isPartOf":{"@id":"https:\/\/catherinedawe.com\/#website"},"primaryImageOfPage":{"@id":"https:\/\/catherinedawe.com\/fr\/acheter-2\/frais-de-demarrage-y-avez-vous-pense\/#primaryimage"},"image":{"@id":"https:\/\/catherinedawe.com\/fr\/acheter-2\/frais-de-demarrage-y-avez-vous-pense\/#primaryimage"},"thumbnailUrl":"https:\/\/catherinedawe.com\/files\/2012\/05\/Calcul.jpg","datePublished":"2012-05-11T22:56:18+00:00","dateModified":"2025-04-02T17:23:49+00:00","description":"Did you know that when you buy a property, you must have money set aside to cover start-up costs? Learn about them in this article!","breadcrumb":{"@id":"https:\/\/catherinedawe.com\/fr\/acheter-2\/frais-de-demarrage-y-avez-vous-pense\/#breadcrumb"},"inLanguage":"fr-FR","potentialAction":[{"@type":"ReadAction","target":["https:\/\/catherinedawe.com\/fr\/acheter-2\/frais-de-demarrage-y-avez-vous-pense\/"]}]},{"@type":"ImageObject","inLanguage":"fr-FR","@id":"https:\/\/catherinedawe.com\/fr\/acheter-2\/frais-de-demarrage-y-avez-vous-pense\/#primaryimage","url":"https:\/\/catherinedawe.com\/files\/2012\/05\/Calcul.jpg","contentUrl":"https:\/\/catherinedawe.com\/files\/2012\/05\/Calcul.jpg"},{"@type":"BreadcrumbList","@id":"https:\/\/catherinedawe.com\/fr\/acheter-2\/frais-de-demarrage-y-avez-vous-pense\/#breadcrumb","itemListElement":[{"@type":"ListItem","position":1,"name":"Accueil","item":"https:\/\/catherinedawe.com\/fr\/"},{"@type":"ListItem","position":2,"name":"Buy","item":"https:\/\/catherinedawe.com\/acheter-2\/"},{"@type":"ListItem","position":3,"name":"Frais de d\u00e9marrage : y avez-vous pens\u00e9?"}]},{"@type":"WebSite","@id":"https:\/\/catherinedawe.com\/#website","url":"https:\/\/catherinedawe.com\/","name":"Catherine Dawe","description":"","publisher":{"@id":"https:\/\/catherinedawe.com\/#organization"},"potentialAction":[{"@type":"SearchAction","target":{"@type":"EntryPoint","urlTemplate":"https:\/\/catherinedawe.com\/?s={search_term_string}"},"query-input":{"@type":"PropertyValueSpecification","valueRequired":true,"valueName":"search_term_string"}}],"inLanguage":"fr-FR"},{"@type":"Organization","@id":"https:\/\/catherinedawe.com\/#organization","name":"Catherine Dawe Exp\u00e9rience Montreal Real Estate","url":"https:\/\/catherinedawe.com\/","logo":{"@type":"ImageObject","inLanguage":"fr-FR","@id":"https:\/\/catherinedawe.com\/#\/schema\/logo\/image\/","url":"https:\/\/catherinedawe.com\/files\/2024\/03\/Catherine-Dawe-Experience-Favicon.png","contentUrl":"https:\/\/catherinedawe.com\/files\/2024\/03\/Catherine-Dawe-Experience-Favicon.png","width":500,"height":500,"caption":"Catherine Dawe Exp\u00e9rience Montreal Real Estate"},"image":{"@id":"https:\/\/catherinedawe.com\/#\/schema\/logo\/image\/"},"sameAs":["https:\/\/www.facebook.com\/MontrealRealEstateforSale","https:\/\/x.com\/cdawemtl","https:\/\/www.instagram.com\/cdawemtl\/","https:\/\/www.linkedin.com\/in\/catherinedawe\/","https:\/\/www.youtube.com\/channel\/UCxhrvXE1R5Key2BcJBHecrw"]}]}},"_links":{"self":[{"href":"https:\/\/catherinedawe.com\/fr\/wp-json\/wp\/v2\/pages\/98","targetHints":{"allow":["GET"]}}],"collection":[{"href":"https:\/\/catherinedawe.com\/fr\/wp-json\/wp\/v2\/pages"}],"about":[{"href":"https:\/\/catherinedawe.com\/fr\/wp-json\/wp\/v2\/types\/page"}],"author":[{"embeddable":true,"href":"https:\/\/catherinedawe.com\/fr\/wp-json\/wp\/v2\/users\/1"}],"replies":[{"embeddable":true,"href":"https:\/\/catherinedawe.com\/fr\/wp-json\/wp\/v2\/comments?post=98"}],"version-history":[{"count":1,"href":"https:\/\/catherinedawe.com\/fr\/wp-json\/wp\/v2\/pages\/98\/revisions"}],"predecessor-version":[{"id":2806,"href":"https:\/\/catherinedawe.com\/fr\/wp-json\/wp\/v2\/pages\/98\/revisions\/2806"}],"up":[{"embeddable":true,"href":"https:\/\/catherinedawe.com\/fr\/wp-json\/wp\/v2\/pages\/7"}],"wp:attachment":[{"href":"https:\/\/catherinedawe.com\/fr\/wp-json\/wp\/v2\/media?parent=98"}],"curies":[{"name":"wp","href":"https:\/\/api.w.org\/{rel}","templated":true}]}}